{"id":103219,"date":"2025-12-04T13:43:30","date_gmt":"2025-12-04T12:43:30","guid":{"rendered":"https:\/\/pesavento.ddev.site\/collections-pesavento\/dna-landing\/"},"modified":"2025-12-04T16:35:25","modified_gmt":"2025-12-04T15:35:25","slug":"dna-landing","status":"publish","type":"page","link":"https:\/\/www.pesavento.com\/en\/collections-pesavento\/dna-landing\/","title":{"rendered":"Dna"},"content":{"rendered":"<p><div class=\"fusion-fullwidth fullwidth-box fusion-builder-row-1 nonhundred-percent-fullwidth non-hundred-percent-height-scrolling\"  style='background-color: rgba(255,255,255,0);background-position: center center;background-repeat: no-repeat;'><div class=\"fusion-builder-row fusion-row \"><div  class=\"fusion-layout-column fusion_builder_column fusion_builder_column_1_1 fusion-builder-column-0 fusion-one-full fusion-column-first fusion-column-last 1_1\"  style='margin-top:0px;margin-bottom:20px;'><div class=\"fusion-column-wrapper\" style=\"padding: 0px 0px 0px 0px;background-position:left top;background-repeat:no-repeat;-webkit-background-size:cover;-moz-background-size:cover;-o-background-size:cover;background-size:cover;\"   data-bg-url=\"\"><span class=\"fusion-imageframe imageframe-none imageframe-1 hover-type-none image-full-width\"><img loading=\"lazy\" src=\"https:\/\/pesavento.ddev.site\/web\/wp-content\/uploads\/2025\/11\/COLLEZIONE-DNA.jpg\" width=\"2500\" height=\"1023\" alt=\"\" title=\"COLLEZIONE DNA\" class=\"img-responsive wp-image-99933\" srcset=\"https:\/\/www.pesavento.com\/web\/wp-content\/uploads\/2025\/11\/COLLEZIONE-DNA-200x82.jpg 200w, https:\/\/www.pesavento.com\/web\/wp-content\/uploads\/2025\/11\/COLLEZIONE-DNA-400x164.jpg 400w, https:\/\/www.pesavento.com\/web\/wp-content\/uploads\/2025\/11\/COLLEZIONE-DNA-600x246.jpg 600w, https:\/\/www.pesavento.com\/web\/wp-content\/uploads\/2025\/11\/COLLEZIONE-DNA-800x327.jpg 800w, https:\/\/www.pesavento.com\/web\/wp-content\/uploads\/2025\/11\/COLLEZIONE-DNA-1200x491.jpg 1200w, https:\/\/www.pesavento.com\/web\/wp-content\/uploads\/2025\/11\/COLLEZIONE-DNA.jpg 2500w\" sizes=\"(max-width: 640px) 100vw, 2500px\" \/><\/span><div class=\"fusion-clearfix\"><\/div><\/div><\/div><\/div><\/div><style type=\"text\/css\">.fusion-fullwidth.fusion-builder-row-1 a:not(.fusion-button):not(.fusion-builder-module-control):not(.fusion-social-network-icon):not(.fb-icon-element):not(.fusion-countdown-link):not(.fusion-rollover-link):not(.fusion-rollover-gallery):not(.fusion-button-bar):not(.add_to_cart_button):not(.show_details_button):not(.product_type_external):not(.fusion-quick-view):not(.fusion-rollover-title-link):not(.fusion-breadcrumb-link) , .fusion-fullwidth.fusion-builder-row-1 a:not(.fusion-button):not(.fusion-builder-module-control):not(.fusion-social-network-icon):not(.fb-icon-element):not(.fusion-countdown-link):not(.fusion-rollover-link):not(.fusion-rollover-gallery):not(.fusion-button-bar):not(.add_to_cart_button):not(.show_details_button):not(.product_type_external):not(.fusion-quick-view):not(.fusion-rollover-title-link):not(.fusion-breadcrumb-link):before, .fusion-fullwidth.fusion-builder-row-1 a:not(.fusion-button):not(.fusion-builder-module-control):not(.fusion-social-network-icon):not(.fb-icon-element):not(.fusion-countdown-link):not(.fusion-rollover-link):not(.fusion-rollover-gallery):not(.fusion-button-bar):not(.add_to_cart_button):not(.show_details_button):not(.product_type_external):not(.fusion-quick-view):not(.fusion-rollover-title-link):not(.fusion-breadcrumb-link):after {color: #5e5e5e;}.fusion-fullwidth.fusion-builder-row-1 a:not(.fusion-button):not(.fusion-builder-module-control):not(.fusion-social-network-icon):not(.fb-icon-element):not(.fusion-countdown-link):not(.fusion-rollover-link):not(.fusion-rollover-gallery):not(.fusion-button-bar):not(.add_to_cart_button):not(.show_details_button):not(.product_type_external):not(.fusion-quick-view):not(.fusion-rollover-title-link):not(.fusion-breadcrumb-link):hover, .fusion-fullwidth.fusion-builder-row-1 a:not(.fusion-button):not(.fusion-builder-module-control):not(.fusion-social-network-icon):not(.fb-icon-element):not(.fusion-countdown-link):not(.fusion-rollover-link):not(.fusion-rollover-gallery):not(.fusion-button-bar):not(.add_to_cart_button):not(.show_details_button):not(.product_type_external):not(.fusion-quick-view):not(.fusion-rollover-title-link):not(.fusion-breadcrumb-link):hover:before, .fusion-fullwidth.fusion-builder-row-1 a:not(.fusion-button):not(.fusion-builder-module-control):not(.fusion-social-network-icon):not(.fb-icon-element):not(.fusion-countdown-link):not(.fusion-rollover-link):not(.fusion-rollover-gallery):not(.fusion-button-bar):not(.add_to_cart_button):not(.show_details_button):not(.product_type_external):not(.fusion-quick-view):not(.fusion-rollover-title-link):not(.fusion-breadcrumb-link):hover:after {color: #362714;}.fusion-fullwidth.fusion-builder-row-1 .pagination a.inactive:hover, .fusion-fullwidth.fusion-builder-row-1 .fusion-filters .fusion-filter.fusion-active a {border-color: #362714;}.fusion-fullwidth.fusion-builder-row-1 .pagination .current {border-color: #362714; background-color: #362714;}.fusion-fullwidth.fusion-builder-row-1 .fusion-filters .fusion-filter.fusion-active a, .fusion-fullwidth.fusion-builder-row-1 .fusion-date-and-formats .fusion-format-box, .fusion-fullwidth.fusion-builder-row-1 .fusion-popover, .fusion-fullwidth.fusion-builder-row-1 .tooltip-shortcode {color: #362714;}#main .fusion-fullwidth.fusion-builder-row-1 .post .blog-shortcode-post-title a:hover {color: #362714;}<\/style><div class=\"fusion-fullwidth fullwidth-box fusion-builder-row-2 nonhundred-percent-fullwidth non-hundred-percent-height-scrolling\"  style='background-color: rgba(255,255,255,0);background-position: left top;background-repeat: no-repeat;padding-top:20px;padding-right:15%;padding-bottom:20px;padding-left:15%;border-top-width:0px;border-bottom-width:0px;border-color:#eae9e9;border-top-style:solid;border-bottom-style:solid;'><div class=\"fusion-builder-row fusion-row \"><div  class=\"fusion-layout-column fusion_builder_column fusion_builder_column_1_1 fusion-builder-column-1 fusion-one-full fusion-column-first fusion-column-last fusion-column-no-min-height 1_1\"  style='margin-top:0px;margin-bottom:0px;'><div class=\"fusion-column-wrapper\" style=\"padding: 0px 0px 0px 0px;background-position:left top;background-repeat:no-repeat;-webkit-background-size:cover;-moz-background-size:cover;-o-background-size:cover;background-size:cover;\"   data-bg-url=\"\"><style type=\"text\/css\">@media only screen and (max-width:640px) {.fusion-title.fusion-title-1{margin-top:10px!important;margin-bottom:10px!important;}}<\/style><div class=\"fusion-title title fusion-title-1 fusion-sep-none fusion-title-center fusion-title-text fusion-title-size-one underlined-title-dark\" style=\"margin-top:0px;margin-bottom:1px;\"><h1 class=\"title-heading-center\" style=\"margin:0;\">Dna<\/h1><\/div><div class=\"fusion-text text-column\"><p style=\"text-align: center;\">Quando un classico diventa un trendsetter, la sfida \u00e8 rinnovarsi. Cos\u00ec DNA, collezione iconica di Pesavento, non solo affascina per essere cos\u00ec setosa e flessibile. Ma sorprende grazie a nuove e originali variazioni creative.<\/p>\n<p style=\"text-align: center;\">DNA nasce nel 2012 e, grazie alla ricerca e ad un complesso know-how, nel 2015 arriva il successo di <strong>DNA Spring<\/strong>. La collezione si sviluppa intorno a un unico elemento, il filo d\u2019argento. Per uno tocco raffinato, ecco gli <strong>elementi in Polvere di Sogni<\/strong> abbinati ai fili luminosi DNA per collane dall\u2019effetto degradante e bracciali multifilo.<\/p>\n<\/div><div class=\"fusion-sep-clear\"><\/div><div class=\"fusion-separator fusion-full-width-sep sep-shadow\" style=\"background:radial-gradient(ellipse at 50% -50% , #e0dede 0px, rgba(255, 255, 255, 0) 80%) repeat scroll 0 0 rgba(0, 0, 0, 0);background:-webkit-radial-gradient(ellipse at 50% -50% , #e0dede 0px, rgba(255, 255, 255, 0) 80%) repeat scroll 0 0 rgba(0, 0, 0, 0);background:-moz-radial-gradient(ellipse at 50% -50% , #e0dede 0px, rgba(255, 255, 255, 0) 80%) repeat scroll 0 0 rgba(0, 0, 0, 0);background:-o-radial-gradient(ellipse at 50% -50% , #e0dede 0px, rgba(255, 255, 255, 0) 80%) repeat scroll 0 0 rgba(0, 0, 0, 0);margin-left: auto;margin-right: auto;margin-top:;margin-bottom:30px;\"><\/div><div class=\"fusion-clearfix\"><\/div><\/div><\/div><\/div><\/div><\/p>\n","protected":false},"excerpt":{"rendered":"","protected":false},"author":1207,"featured_media":0,"parent":1242,"menu_order":0,"comment_status":"closed","ping_status":"closed","template":"page-category-landing.php","meta":[],"yoast_head":"<!-- This site is optimized with the Yoast SEO plugin v16.3 - https:\/\/yoast.com\/wordpress\/plugins\/seo\/ -->\n<title>Dna - Pesavento Art Expressions - Made in Italy Jewels<\/title>\n<meta name=\"robots\" content=\"index, follow, max-snippet:-1, max-image-preview:large, max-video-preview:-1\" \/>\n<link rel=\"canonical\" href=\"https:\/\/www.pesavento.com\/en\/collections-pesavento\/dna-landing\/\" \/>\n<meta property=\"og:locale\" content=\"en_US\" \/>\n<meta property=\"og:type\" content=\"article\" \/>\n<meta property=\"og:title\" content=\"Dna - Pesavento Art Expressions - Made in Italy Jewels\" \/>\n<meta property=\"og:url\" content=\"https:\/\/www.pesavento.com\/en\/collections-pesavento\/dna-landing\/\" \/>\n<meta property=\"og:site_name\" content=\"Pesavento Art Expressions - Made in Italy Jewels\" \/>\n<meta property=\"article:modified_time\" content=\"2025-12-04T15:35:25+00:00\" \/>\n<meta name=\"twitter:card\" content=\"summary\" \/>\n<meta name=\"twitter:label1\" content=\"Est. reading time\">\n\t<meta name=\"twitter:data1\" content=\"4 minutes\">\n<script type=\"application\/ld+json\" class=\"yoast-schema-graph\">{\"@context\":\"https:\/\/schema.org\",\"@graph\":[{\"@type\":\"Organization\",\"@id\":\"https:\/\/www.pesavento.com\/en\/#organization\",\"name\":\"Pesavento\",\"url\":\"https:\/\/www.pesavento.com\/en\/\",\"sameAs\":[],\"logo\":{\"@type\":\"ImageObject\",\"@id\":\"https:\/\/www.pesavento.com\/en\/#logo\",\"inLanguage\":\"en-US\",\"url\":\"https:\/\/www.pesavento.com\/web\/wp-content\/uploads\/2017\/11\/Logo_Pesavento_Gioielli.jpg\",\"contentUrl\":\"https:\/\/www.pesavento.com\/web\/wp-content\/uploads\/2017\/11\/Logo_Pesavento_Gioielli.jpg\",\"width\":320,\"height\":84,\"caption\":\"Pesavento\"},\"image\":{\"@id\":\"https:\/\/www.pesavento.com\/en\/#logo\"}},{\"@type\":\"WebSite\",\"@id\":\"https:\/\/www.pesavento.com\/en\/#website\",\"url\":\"https:\/\/www.pesavento.com\/en\/\",\"name\":\"Pesavento Art Expressions - Made in Italy Jewels\",\"description\":\"Made in Italy jewels\",\"publisher\":{\"@id\":\"https:\/\/www.pesavento.com\/en\/#organization\"},\"potentialAction\":[{\"@type\":\"SearchAction\",\"target\":\"https:\/\/www.pesavento.com\/en\/?s={search_term_string}\",\"query-input\":\"required name=search_term_string\"}],\"inLanguage\":\"en-US\"},{\"@type\":\"WebPage\",\"@id\":\"https:\/\/www.pesavento.com\/en\/collections-pesavento\/dna-landing\/#webpage\",\"url\":\"https:\/\/www.pesavento.com\/en\/collections-pesavento\/dna-landing\/\",\"name\":\"Dna - Pesavento Art Expressions - Made in Italy Jewels\",\"isPartOf\":{\"@id\":\"https:\/\/www.pesavento.com\/en\/#website\"},\"datePublished\":\"2025-12-04T12:43:30+00:00\",\"dateModified\":\"2025-12-04T15:35:25+00:00\",\"breadcrumb\":{\"@id\":\"https:\/\/www.pesavento.com\/en\/collections-pesavento\/dna-landing\/#breadcrumb\"},\"inLanguage\":\"en-US\",\"potentialAction\":[{\"@type\":\"ReadAction\",\"target\":[\"https:\/\/www.pesavento.com\/en\/collections-pesavento\/dna-landing\/\"]}]},{\"@type\":\"BreadcrumbList\",\"@id\":\"https:\/\/www.pesavento.com\/en\/collections-pesavento\/dna-landing\/#breadcrumb\",\"itemListElement\":[{\"@type\":\"ListItem\",\"position\":1,\"item\":{\"@type\":\"WebPage\",\"@id\":\"https:\/\/www.pesavento.com\/en\/\",\"url\":\"https:\/\/www.pesavento.com\/en\/\",\"name\":\"Home\"}},{\"@type\":\"ListItem\",\"position\":2,\"item\":{\"@type\":\"WebPage\",\"@id\":\"https:\/\/www.pesavento.com\/en\/collections-pesavento\/\",\"url\":\"https:\/\/www.pesavento.com\/en\/collections-pesavento\/\",\"name\":\"Collezioni\"}},{\"@type\":\"ListItem\",\"position\":3,\"item\":{\"@id\":\"https:\/\/www.pesavento.com\/en\/collections-pesavento\/dna-landing\/#webpage\"}}]}]}<\/script>\n<!-- \/ Yoast SEO plugin. -->","_links":{"self":[{"href":"https:\/\/www.pesavento.com\/en\/wp-json\/wp\/v2\/pages\/103219\/"}],"collection":[{"href":"https:\/\/www.pesavento.com\/en\/wp-json\/wp\/v2\/pages\/"}],"about":[{"href":"https:\/\/www.pesavento.com\/en\/wp-json\/wp\/v2\/types\/page\/"}],"author":[{"embeddable":true,"href":"https:\/\/www.pesavento.com\/en\/wp-json\/wp\/v2\/users\/1207\/"}],"replies":[{"embeddable":true,"href":"https:\/\/www.pesavento.com\/en\/wp-json\/wp\/v2\/comments\/?post=103219"}],"version-history":[{"count":2,"href":"https:\/\/www.pesavento.com\/en\/wp-json\/wp\/v2\/pages\/103219\/revisions\/"}],"predecessor-version":[{"id":103241,"href":"https:\/\/www.pesavento.com\/en\/wp-json\/wp\/v2\/pages\/103219\/revisions\/103241\/"}],"up":[{"embeddable":true,"href":"https:\/\/www.pesavento.com\/en\/wp-json\/wp\/v2\/pages\/1242\/"}],"wp:attachment":[{"href":"https:\/\/www.pesavento.com\/en\/wp-json\/wp\/v2\/media\/?parent=103219"}],"curies":[{"name":"wp","href":"https:\/\/api.w.org\/{rel}","templated":true}]}}