{"id":80983,"date":"2022-09-15T17:28:35","date_gmt":"2022-09-15T15:28:35","guid":{"rendered":"https:\/\/www.pesavento.com\/?page_id=80983"},"modified":"2022-09-20T10:22:50","modified_gmt":"2022-09-20T08:22:50","slug":"nuove-collezioni-autunno-inverno-2022-23","status":"publish","type":"page","link":"https:\/\/www.pesavento.com\/en\/collections-pesavento\/nuove-collezioni-autunno-inverno-2022-23\/","title":{"rendered":"NUOVE COLLEZIONI AUTUNNO-INVERNO 2022-23"},"content":{"rendered":"<div class=\"fusion-fullwidth fullwidth-box fusion-builder-row-1 nonhundred-percent-fullwidth non-hundred-percent-height-scrolling\"  style='background-color: rgba(255,255,255,0);background-position: left top;background-repeat: no-repeat;padding-top:20px;padding-right:15%;padding-bottom:20px;padding-left:15%;border-top-width:0px;border-bottom-width:0px;border-color:#eae9e9;border-top-style:solid;border-bottom-style:solid;'><div class=\"fusion-builder-row fusion-row \"><div  class=\"fusion-layout-column fusion_builder_column fusion_builder_column_1_1 fusion-builder-column-0 fusion-one-full fusion-column-first fusion-column-last fusion-column-no-min-height 1_1\"  style='margin-top:0px;margin-bottom:0px;'><div class=\"fusion-column-wrapper\" style=\"padding: 0px 0px 0px 0px;background-position:left top;background-repeat:no-repeat;-webkit-background-size:cover;-moz-background-size:cover;-o-background-size:cover;background-size:cover;\"   data-bg-url=\"\"><style type=\"text\/css\">@media only screen and (max-width:640px) {.fusion-title.fusion-title-1{margin-top:10px!important;margin-bottom:10px!important;}}<\/style><div class=\"fusion-title title fusion-title-1 fusion-sep-none fusion-title-center fusion-title-text fusion-title-size-one underlined-title-dark\" style=\"margin-top:0px;margin-bottom:1px;\"><h1 class=\"title-heading-center\" style=\"margin:0;\">NUOVE COLLEZIONI AUTUNNO-INVERNO 2022-23<\/h1><\/div><div class=\"fusion-text text-column\"><p style=\"text-align: center;\">Le nuove collezioni in oro e in argento di Pesavento brillano luminose come i sogni pi\u00f9 veri.<\/p>\n<p style=\"text-align: center;\">Blu, come il colore pi\u00f9 prezioso e raro al mondo. Questa \u00e8 la nuova sfumatura catturata per illuminare di una splendente tonalit\u00e0 la Polvere di Diamanti che avvolge di riflessi siderali le preziose collezioni in oro bianco e rosa: Dream, Cocktail, Dna Spring e Forever Chic.<\/p>\n<p style=\"text-align: center;\">Le collezioni in argento di Pesavento introducono proposte con inaspettate che rinnovano i best-of Polvere di Sogni e Dna Spring. I gioielli Elegance, tra i pi\u00f9 amati, propongono volumi inediti, morbidi e avvolgenti. Ispirati alle forme della natura, sono realizzati con maestria unendo manualit\u00e0 e tecnologie digitali. Anche le collezioni in argento.<\/p>\n<\/div><div class=\"fusion-clearfix\"><\/div><\/div><\/div><div  class=\"fusion-layout-column fusion_builder_column fusion_builder_column_1_1 fusion-builder-column-1 fusion-one-full fusion-column-first fusion-column-last fusion-column-no-min-height 1_1\"  style='margin-top:0px;margin-bottom:0px;'><div class=\"fusion-column-wrapper\" style=\"padding: 0px 0px 0px 0px;background-position:left top;background-repeat:no-repeat;-webkit-background-size:cover;-moz-background-size:cover;-o-background-size:cover;background-size:cover;\"   data-bg-url=\"\"><div class=\"fusion-sep-clear\"><\/div><div class=\"fusion-separator fusion-full-width-sep sep-none\" style=\"margin-left: auto;margin-right: auto;margin-top:60px;\"><\/div><style type=\"text\/css\">@media only screen and (max-width:640px) {.fusion-title.fusion-title-2{margin-top:10px!important;margin-bottom:10px!important;}}<\/style><div class=\"fusion-title title fusion-title-2 fusion-sep-none fusion-title-center fusion-title-text fusion-title-size-one underlined-title-dark\" style=\"margin-top:0px;margin-bottom:1px;\"><h1 class=\"title-heading-center\" style=\"margin:0;\">COLLEZIONI ORO<\/h1><\/div><div class=\"fusion-clearfix\"><\/div><\/div><\/div><div  class=\"fusion-layout-column fusion_builder_column fusion_builder_column_1_6 fusion-builder-column-2 fusion-one-sixth fusion-column-first 1_6\"  style='margin-top:0px;margin-bottom:20px;width:16.66%;width:calc(16.66% - ( ( 4% + 4% + 4% ) * 0.1666 ) );margin-right: 4%;'><div class=\"fusion-column-wrapper\" style=\"padding: 0px 0px 0px 0px;background-position:left top;background-repeat:no-repeat;-webkit-background-size:cover;-moz-background-size:cover;-o-background-size:cover;background-size:cover;\"   data-bg-url=\"\"><div class=\"fusion-clearfix\"><\/div><\/div><\/div><div  class=\"fusion-layout-column fusion_builder_column fusion_builder_column_1_3 fusion-builder-column-3 fusion-one-third 1_3\"  style='margin-top:0px;margin-bottom:20px;width:33.33%;width:calc(33.33% - ( ( 4% + 4% + 4% ) * 0.3333 ) );margin-right: 4%;'><div class=\"fusion-column-wrapper\" style=\"padding: 0px 0px 0px 0px;background-position:left top;background-repeat:no-repeat;-webkit-background-size:cover;-moz-background-size:cover;-o-background-size:cover;background-size:cover;\"   data-bg-url=\"\"><span class=\"fusion-imageframe imageframe-none imageframe-1 hover-type-none\"><img loading=\"lazy\" src=\"https:\/\/www.pesavento.com\/web\/wp-content\/uploads\/2022\/09\/Pesavento30_FallWinterCollections1.jpg\" width=\"1080\" height=\"1080\" alt=\"\" title=\"Pesavento30_FallWinterCollections1\" class=\"img-responsive wp-image-80994\" srcset=\"https:\/\/www.pesavento.com\/web\/wp-content\/uploads\/2022\/09\/Pesavento30_FallWinterCollections1-200x200.jpg 200w, https:\/\/www.pesavento.com\/web\/wp-content\/uploads\/2022\/09\/Pesavento30_FallWinterCollections1-400x400.jpg 400w, https:\/\/www.pesavento.com\/web\/wp-content\/uploads\/2022\/09\/Pesavento30_FallWinterCollections1-600x600.jpg 600w, https:\/\/www.pesavento.com\/web\/wp-content\/uploads\/2022\/09\/Pesavento30_FallWinterCollections1-800x800.jpg 800w, https:\/\/www.pesavento.com\/web\/wp-content\/uploads\/2022\/09\/Pesavento30_FallWinterCollections1.jpg 1080w\" sizes=\"(max-width: 640px) 100vw, 600px\" \/><\/span><div class=\"fusion-sep-clear\"><\/div><div class=\"fusion-separator fusion-full-width-sep sep-none\" style=\"margin-left: auto;margin-right: auto;margin-top:20px;\"><\/div><div class=\"fusion-text\"><p style=\"text-align: center;\">Bracciale Cocktail<\/p>\n<\/div><div class=\"fusion-clearfix\"><\/div><\/div><\/div><div  class=\"fusion-layout-column fusion_builder_column fusion_builder_column_1_3 fusion-builder-column-4 fusion-one-third 1_3\"  style='margin-top:0px;margin-bottom:20px;width:33.33%;width:calc(33.33% - ( ( 4% + 4% + 4% ) * 0.3333 ) );margin-right: 4%;'><div class=\"fusion-column-wrapper\" style=\"padding: 0px 0px 0px 0px;background-position:left top;background-repeat:no-repeat;-webkit-background-size:cover;-moz-background-size:cover;-o-background-size:cover;background-size:cover;\"   data-bg-url=\"\"><span class=\"fusion-imageframe imageframe-none imageframe-2 hover-type-none\"><img loading=\"lazy\" src=\"https:\/\/www.pesavento.com\/web\/wp-content\/uploads\/2022\/09\/Pesavento30_FallWinterCollections3.jpg\" width=\"1080\" height=\"1080\" alt=\"\" title=\"Pesavento30_FallWinterCollections3\" class=\"img-responsive wp-image-80997\" srcset=\"https:\/\/www.pesavento.com\/web\/wp-content\/uploads\/2022\/09\/Pesavento30_FallWinterCollections3-200x200.jpg 200w, https:\/\/www.pesavento.com\/web\/wp-content\/uploads\/2022\/09\/Pesavento30_FallWinterCollections3-400x400.jpg 400w, https:\/\/www.pesavento.com\/web\/wp-content\/uploads\/2022\/09\/Pesavento30_FallWinterCollections3-600x600.jpg 600w, https:\/\/www.pesavento.com\/web\/wp-content\/uploads\/2022\/09\/Pesavento30_FallWinterCollections3-800x800.jpg 800w, https:\/\/www.pesavento.com\/web\/wp-content\/uploads\/2022\/09\/Pesavento30_FallWinterCollections3.jpg 1080w\" sizes=\"(max-width: 640px) 100vw, 600px\" \/><\/span><div class=\"fusion-sep-clear\"><\/div><div class=\"fusion-separator fusion-full-width-sep sep-none\" style=\"margin-left: auto;margin-right: auto;margin-top:20px;\"><\/div><div class=\"fusion-text\"><p style=\"text-align: center;\">Anelli Cocktail<\/p>\n<\/div><div class=\"fusion-clearfix\"><\/div><\/div><\/div><div  class=\"fusion-layout-column fusion_builder_column fusion_builder_column_1_6 fusion-builder-column-5 fusion-one-sixth fusion-column-last 1_6\"  style='margin-top:0px;margin-bottom:20px;width:16.66%;width:calc(16.66% - ( ( 4% + 4% + 4% ) * 0.1666 ) );'><div class=\"fusion-column-wrapper\" style=\"padding: 0px 0px 0px 0px;background-position:left top;background-repeat:no-repeat;-webkit-background-size:cover;-moz-background-size:cover;-o-background-size:cover;background-size:cover;\"   data-bg-url=\"\"><div class=\"fusion-clearfix\"><\/div><\/div><\/div><div  class=\"fusion-layout-column fusion_builder_column fusion_builder_column_1_1 fusion-builder-column-6 fusion-one-full fusion-column-first fusion-column-last fusion-column-no-min-height 1_1\"  style='margin-top:0px;margin-bottom:0px;'><div class=\"fusion-column-wrapper\" style=\"padding: 0px 0px 0px 0px;background-position:left top;background-repeat:no-repeat;-webkit-background-size:cover;-moz-background-size:cover;-o-background-size:cover;background-size:cover;\"   data-bg-url=\"\"><div class=\"fusion-sep-clear\"><\/div><div class=\"fusion-separator fusion-full-width-sep sep-none\" style=\"margin-left: auto;margin-right: auto;margin-top:60px;\"><\/div><style type=\"text\/css\">@media only screen and (max-width:640px) {.fusion-title.fusion-title-3{margin-top:10px!important;margin-bottom:10px!important;}}<\/style><div class=\"fusion-title title fusion-title-3 fusion-sep-none fusion-title-center fusion-title-text fusion-title-size-one underlined-title-dark\" style=\"margin-top:0px;margin-bottom:1px;\"><h1 class=\"title-heading-center\" style=\"margin:0;\">COLLEZIONI ARGENTO<\/h1><\/div><div class=\"fusion-clearfix\"><\/div><\/div><\/div><div  class=\"fusion-layout-column fusion_builder_column fusion_builder_column_1_3 fusion-builder-column-7 fusion-one-third fusion-column-first 1_3\"  style='margin-top:0px;margin-bottom:20px;width:33.33%;width:calc(33.33% - ( ( 4% + 4% ) * 0.3333 ) );margin-right: 4%;'><div class=\"fusion-column-wrapper\" style=\"padding: 0px 0px 0px 0px;background-position:left top;background-repeat:no-repeat;-webkit-background-size:cover;-moz-background-size:cover;-o-background-size:cover;background-size:cover;\"   data-bg-url=\"\"><span class=\"fusion-imageframe imageframe-none imageframe-3 hover-type-none\"><img loading=\"lazy\" src=\"https:\/\/www.pesavento.com\/web\/wp-content\/uploads\/2022\/09\/Pesavento30_FallWinterCollections4-1.jpg\" width=\"2546\" height=\"2546\" alt=\"\" title=\"Pesavento30_FallWinterCollections4\" class=\"img-responsive wp-image-81032\" srcset=\"https:\/\/www.pesavento.com\/web\/wp-content\/uploads\/2022\/09\/Pesavento30_FallWinterCollections4-1-200x200.jpg 200w, https:\/\/www.pesavento.com\/web\/wp-content\/uploads\/2022\/09\/Pesavento30_FallWinterCollections4-1-400x400.jpg 400w, https:\/\/www.pesavento.com\/web\/wp-content\/uploads\/2022\/09\/Pesavento30_FallWinterCollections4-1-600x600.jpg 600w, https:\/\/www.pesavento.com\/web\/wp-content\/uploads\/2022\/09\/Pesavento30_FallWinterCollections4-1-800x800.jpg 800w, https:\/\/www.pesavento.com\/web\/wp-content\/uploads\/2022\/09\/Pesavento30_FallWinterCollections4-1-1200x1200.jpg 1200w, https:\/\/www.pesavento.com\/web\/wp-content\/uploads\/2022\/09\/Pesavento30_FallWinterCollections4-1.jpg 2546w\" sizes=\"(max-width: 640px) 100vw, 600px\" \/><\/span><div class=\"fusion-sep-clear\"><\/div><div class=\"fusion-separator fusion-full-width-sep sep-none\" style=\"margin-left: auto;margin-right: auto;margin-top:20px;\"><\/div><div class=\"fusion-text\"><p style=\"text-align: center;\">Orecchini Polvere di Sogni<\/p>\n<\/div><div class=\"fusion-clearfix\"><\/div><\/div><\/div><div  class=\"fusion-layout-column fusion_builder_column fusion_builder_column_1_3 fusion-builder-column-8 fusion-one-third 1_3\"  style='margin-top:0px;margin-bottom:20px;width:33.33%;width:calc(33.33% - ( ( 4% + 4% ) * 0.3333 ) );margin-right: 4%;'><div class=\"fusion-column-wrapper\" style=\"padding: 0px 0px 0px 0px;background-position:left top;background-repeat:no-repeat;-webkit-background-size:cover;-moz-background-size:cover;-o-background-size:cover;background-size:cover;\"   data-bg-url=\"\"><span class=\"fusion-imageframe imageframe-none imageframe-4 hover-type-none\"><img loading=\"lazy\" src=\"https:\/\/www.pesavento.com\/web\/wp-content\/uploads\/2022\/09\/Pesavento30_FallWinterCollections5-1.jpg\" width=\"1920\" height=\"1920\" alt=\"\" title=\"Pesavento30_FallWinterCollections5\" class=\"img-responsive wp-image-81035\" srcset=\"https:\/\/www.pesavento.com\/web\/wp-content\/uploads\/2022\/09\/Pesavento30_FallWinterCollections5-1-200x200.jpg 200w, https:\/\/www.pesavento.com\/web\/wp-content\/uploads\/2022\/09\/Pesavento30_FallWinterCollections5-1-400x400.jpg 400w, https:\/\/www.pesavento.com\/web\/wp-content\/uploads\/2022\/09\/Pesavento30_FallWinterCollections5-1-600x600.jpg 600w, https:\/\/www.pesavento.com\/web\/wp-content\/uploads\/2022\/09\/Pesavento30_FallWinterCollections5-1-800x800.jpg 800w, https:\/\/www.pesavento.com\/web\/wp-content\/uploads\/2022\/09\/Pesavento30_FallWinterCollections5-1-1200x1200.jpg 1200w, https:\/\/www.pesavento.com\/web\/wp-content\/uploads\/2022\/09\/Pesavento30_FallWinterCollections5-1.jpg 1920w\" sizes=\"(max-width: 640px) 100vw, 600px\" \/><\/span><div class=\"fusion-sep-clear\"><\/div><div class=\"fusion-separator fusion-full-width-sep sep-none\" style=\"margin-left: auto;margin-right: auto;margin-top:20px;\"><\/div><div class=\"fusion-text\"><p style=\"text-align: center;\">Bracciale Elegance<\/p>\n<\/div><div class=\"fusion-clearfix\"><\/div><\/div><\/div><div  class=\"fusion-layout-column fusion_builder_column fusion_builder_column_1_3 fusion-builder-column-9 fusion-one-third fusion-column-last 1_3\"  style='margin-top:0px;margin-bottom:20px;width:33.33%;width:calc(33.33% - ( ( 4% + 4% ) * 0.3333 ) );'><div class=\"fusion-column-wrapper\" style=\"padding: 0px 0px 0px 0px;background-position:left top;background-repeat:no-repeat;-webkit-background-size:cover;-moz-background-size:cover;-o-background-size:cover;background-size:cover;\"   data-bg-url=\"\"><span class=\"fusion-imageframe imageframe-none imageframe-5 hover-type-none\"><img loading=\"lazy\" src=\"https:\/\/www.pesavento.com\/web\/wp-content\/uploads\/2022\/09\/Pesavento30_FallWinterCollections6-1.jpg\" width=\"1920\" height=\"1920\" alt=\"\" title=\"Pesavento30_FallWinterCollections6\" class=\"img-responsive wp-image-81038\" srcset=\"https:\/\/www.pesavento.com\/web\/wp-content\/uploads\/2022\/09\/Pesavento30_FallWinterCollections6-1-200x200.jpg 200w, https:\/\/www.pesavento.com\/web\/wp-content\/uploads\/2022\/09\/Pesavento30_FallWinterCollections6-1-400x400.jpg 400w, https:\/\/www.pesavento.com\/web\/wp-content\/uploads\/2022\/09\/Pesavento30_FallWinterCollections6-1-600x600.jpg 600w, https:\/\/www.pesavento.com\/web\/wp-content\/uploads\/2022\/09\/Pesavento30_FallWinterCollections6-1-800x800.jpg 800w, https:\/\/www.pesavento.com\/web\/wp-content\/uploads\/2022\/09\/Pesavento30_FallWinterCollections6-1-1200x1200.jpg 1200w, https:\/\/www.pesavento.com\/web\/wp-content\/uploads\/2022\/09\/Pesavento30_FallWinterCollections6-1.jpg 1920w\" sizes=\"(max-width: 640px) 100vw, 600px\" \/><\/span><div class=\"fusion-sep-clear\"><\/div><div class=\"fusion-separator fusion-full-width-sep sep-none\" style=\"margin-left: auto;margin-right: auto;margin-top:20px;\"><\/div><div class=\"fusion-text\"><p style=\"text-align: center;\">Collana Polvere di Sogni<\/p>\n<\/div><div class=\"fusion-clearfix\"><\/div><\/div><\/div><\/div><\/div>\n","protected":false},"excerpt":{"rendered":"","protected":false},"author":1207,"featured_media":0,"parent":1242,"menu_order":0,"comment_status":"closed","ping_status":"closed","template":"","meta":[],"yoast_head":"<!-- This site is optimized with the Yoast SEO plugin v16.3 - https:\/\/yoast.com\/wordpress\/plugins\/seo\/ -->\n<title>NUOVE COLLEZIONI AUTUNNO-INVERNO 2022-23 - Pesavento Art Expressions - Made in Italy Jewels<\/title>\n<meta name=\"robots\" content=\"index, follow, max-snippet:-1, max-image-preview:large, max-video-preview:-1\" \/>\n<link rel=\"canonical\" href=\"https:\/\/www.pesavento.com\/en\/collections-pesavento\/nuove-collezioni-autunno-inverno-2022-23\/\" \/>\n<meta property=\"og:locale\" content=\"en_US\" \/>\n<meta property=\"og:type\" content=\"article\" \/>\n<meta property=\"og:title\" content=\"NUOVE COLLEZIONI AUTUNNO-INVERNO 2022-23 - Pesavento Art Expressions - Made in Italy Jewels\" \/>\n<meta property=\"og:url\" content=\"https:\/\/www.pesavento.com\/en\/collections-pesavento\/nuove-collezioni-autunno-inverno-2022-23\/\" \/>\n<meta property=\"og:site_name\" content=\"Pesavento Art Expressions - Made in Italy Jewels\" \/>\n<meta property=\"article:modified_time\" content=\"2022-09-20T08:22:50+00:00\" \/>\n<meta name=\"twitter:card\" content=\"summary\" \/>\n<meta name=\"twitter:label1\" content=\"Est. reading time\">\n\t<meta name=\"twitter:data1\" content=\"15 minutes\">\n<script type=\"application\/ld+json\" class=\"yoast-schema-graph\">{\"@context\":\"https:\/\/schema.org\",\"@graph\":[{\"@type\":\"Organization\",\"@id\":\"https:\/\/www.pesavento.com\/en\/#organization\",\"name\":\"Pesavento\",\"url\":\"https:\/\/www.pesavento.com\/en\/\",\"sameAs\":[],\"logo\":{\"@type\":\"ImageObject\",\"@id\":\"https:\/\/www.pesavento.com\/en\/#logo\",\"inLanguage\":\"en-US\",\"url\":\"https:\/\/www.pesavento.com\/web\/wp-content\/uploads\/2017\/11\/Logo_Pesavento_Gioielli.jpg\",\"contentUrl\":\"https:\/\/www.pesavento.com\/web\/wp-content\/uploads\/2017\/11\/Logo_Pesavento_Gioielli.jpg\",\"width\":320,\"height\":84,\"caption\":\"Pesavento\"},\"image\":{\"@id\":\"https:\/\/www.pesavento.com\/en\/#logo\"}},{\"@type\":\"WebSite\",\"@id\":\"https:\/\/www.pesavento.com\/en\/#website\",\"url\":\"https:\/\/www.pesavento.com\/en\/\",\"name\":\"Pesavento Art Expressions - Made in Italy Jewels\",\"description\":\"Made in Italy jewels\",\"publisher\":{\"@id\":\"https:\/\/www.pesavento.com\/en\/#organization\"},\"potentialAction\":[{\"@type\":\"SearchAction\",\"target\":\"https:\/\/www.pesavento.com\/en\/?s={search_term_string}\",\"query-input\":\"required name=search_term_string\"}],\"inLanguage\":\"en-US\"},{\"@type\":\"WebPage\",\"@id\":\"https:\/\/www.pesavento.com\/en\/collections-pesavento\/nuove-collezioni-autunno-inverno-2022-23\/#webpage\",\"url\":\"https:\/\/www.pesavento.com\/en\/collections-pesavento\/nuove-collezioni-autunno-inverno-2022-23\/\",\"name\":\"NUOVE COLLEZIONI AUTUNNO-INVERNO 2022-23 - Pesavento Art Expressions - Made in Italy Jewels\",\"isPartOf\":{\"@id\":\"https:\/\/www.pesavento.com\/en\/#website\"},\"datePublished\":\"2022-09-15T15:28:35+00:00\",\"dateModified\":\"2022-09-20T08:22:50+00:00\",\"breadcrumb\":{\"@id\":\"https:\/\/www.pesavento.com\/en\/collections-pesavento\/nuove-collezioni-autunno-inverno-2022-23\/#breadcrumb\"},\"inLanguage\":\"en-US\",\"potentialAction\":[{\"@type\":\"ReadAction\",\"target\":[\"https:\/\/www.pesavento.com\/en\/collections-pesavento\/nuove-collezioni-autunno-inverno-2022-23\/\"]}]},{\"@type\":\"BreadcrumbList\",\"@id\":\"https:\/\/www.pesavento.com\/en\/collections-pesavento\/nuove-collezioni-autunno-inverno-2022-23\/#breadcrumb\",\"itemListElement\":[{\"@type\":\"ListItem\",\"position\":1,\"item\":{\"@type\":\"WebPage\",\"@id\":\"https:\/\/www.pesavento.com\/en\/\",\"url\":\"https:\/\/www.pesavento.com\/en\/\",\"name\":\"Home\"}},{\"@type\":\"ListItem\",\"position\":2,\"item\":{\"@type\":\"WebPage\",\"@id\":\"https:\/\/www.pesavento.com\/en\/collections-pesavento\/\",\"url\":\"https:\/\/www.pesavento.com\/en\/collections-pesavento\/\",\"name\":\"Collezioni\"}},{\"@type\":\"ListItem\",\"position\":3,\"item\":{\"@id\":\"https:\/\/www.pesavento.com\/en\/collections-pesavento\/nuove-collezioni-autunno-inverno-2022-23\/#webpage\"}}]}]}<\/script>\n<!-- \/ Yoast SEO plugin. -->","_links":{"self":[{"href":"https:\/\/www.pesavento.com\/en\/wp-json\/wp\/v2\/pages\/80983\/"}],"collection":[{"href":"https:\/\/www.pesavento.com\/en\/wp-json\/wp\/v2\/pages\/"}],"about":[{"href":"https:\/\/www.pesavento.com\/en\/wp-json\/wp\/v2\/types\/page\/"}],"author":[{"embeddable":true,"href":"https:\/\/www.pesavento.com\/en\/wp-json\/wp\/v2\/users\/1207\/"}],"replies":[{"embeddable":true,"href":"https:\/\/www.pesavento.com\/en\/wp-json\/wp\/v2\/comments\/?post=80983"}],"version-history":[{"count":13,"href":"https:\/\/www.pesavento.com\/en\/wp-json\/wp\/v2\/pages\/80983\/revisions\/"}],"predecessor-version":[{"id":85536,"href":"https:\/\/www.pesavento.com\/en\/wp-json\/wp\/v2\/pages\/80983\/revisions\/85536\/"}],"up":[{"embeddable":true,"href":"https:\/\/www.pesavento.com\/en\/wp-json\/wp\/v2\/pages\/1242\/"}],"wp:attachment":[{"href":"https:\/\/www.pesavento.com\/en\/wp-json\/wp\/v2\/media\/?parent=80983"}],"curies":[{"name":"wp","href":"https:\/\/api.w.org\/{rel}","templated":true}]}}