{"id":12225,"date":"2016-11-19T12:48:45","date_gmt":"2016-11-19T11:48:45","guid":{"rendered":"https:\/\/www.pesavento.com\/faqs\/"},"modified":"2018-10-09T19:36:10","modified_gmt":"2018-10-09T17:36:10","slug":"faqs","status":"publish","type":"page","link":"https:\/\/www.pesavento.com\/fr\/faqs\/","title":{"rendered":"FOIRE AUX QUESTIONS"},"content":{"rendered":"<p><div class=\"fusion-fullwidth fullwidth-box fusion-builder-row-1 nonhundred-percent-fullwidth non-hundred-percent-height-scrolling fusion-equal-height-columns\"  style='background-color: rgba(255,255,255,0);background-position: left center;background-repeat: no-repeat;padding-top:0px;padding-right:15%;padding-bottom:20px;padding-left:15%;border-top-width:0px;border-bottom-width:0px;border-color:#eae9e9;border-top-style:solid;border-bottom-style:solid;'><div class=\"fusion-builder-row fusion-row \"><div  class=\"fusion-layout-column fusion_builder_column fusion_builder_column_1_1 fusion-builder-column-0 fusion-one-full fusion-column-first fusion-column-last fusion-column-no-min-height 1_1\"  style='margin-top:0px;margin-bottom:0px;'><div class=\"fusion-column-wrapper\" style=\"padding: 0px 0px 0px 0px;background-position:left top;background-repeat:no-repeat;-webkit-background-size:cover;-moz-background-size:cover;-o-background-size:cover;background-size:cover;\"   data-bg-url=\"\"><style type=\"text\/css\">@media only screen and (max-width:640px) {.fusion-title.fusion-title-1{margin-top:10px!important;margin-bottom:10px!important;}}<\/style><div class=\"fusion-title title fusion-title-1 fusion-sep-none fusion-title-center fusion-title-text fusion-title-size-one underlined-title-dark\" style=\"margin-top:2px;margin-bottom:1px;\"><h1 class=\"title-heading-center\" style=\"margin:0;\">FOIRE AUX QUESTIONS<\/h1><\/div><div class=\"fusion-text\"><p style=\"text-align: center;\">Foire aux questions et informations sur le monde Pesavento<\/p>\n<p>\u00a0<\/p>\n<\/div><div class=\"fusion-clearfix\"><\/div><\/div><\/div><\/div><\/div><div class=\"fusion-fullwidth fullwidth-box fusion-builder-row-2 nonhundred-percent-fullwidth non-hundred-percent-height-scrolling fusion-equal-height-columns\"  style='background-color: rgba(255,255,255,0);background-position: left center;background-repeat: no-repeat;padding-top:0px;padding-right:15%;padding-bottom:20px;padding-left:15%;border-top-width:0px;border-bottom-width:0px;border-color:#eae9e9;border-top-style:solid;border-bottom-style:solid;'><div class=\"fusion-builder-row fusion-row \"><div  class=\"fusion-layout-column fusion_builder_column fusion_builder_column_1_1 fusion-builder-column-1 fusion-one-full fusion-column-first fusion-column-last fusion-column-no-min-height 1_1\"  style='margin-top:0px;margin-bottom:0px;'><div class=\"fusion-column-wrapper\" style=\"padding: 0px 0px 0px 0px;background-position:left top;background-repeat:no-repeat;-webkit-background-size:cover;-moz-background-size:cover;-o-background-size:cover;background-size:cover;\"   data-bg-url=\"\"><style type=\"text\/css\">@media only screen and (max-width:640px) {.fusion-title.fusion-title-2{margin-top:10px!important;margin-bottom:10px!important;}}<\/style><div class=\"fusion-title title fusion-title-2 fusion-sep-none fusion-title-text fusion-title-size-two\" style=\"margin-top:2px;margin-bottom:1px;\"><h2 class=\"title-heading-left\" style=\"margin:0;\">Est-il possible de recevoir vos catalogues\u00a0?<\/h2><\/div><div class=\"fusion-text\"><h3 style=\"text-align: left;\">Nous avons choisi de ne plus imprimer les catalogues pour respecter l&rsquo;environnement, vous pouvez donc d\u00e9couvrir nos collections en ligne directement <a href=\"https:\/\/www.pesavento.com\/fr\/collezioni-pesavento\/\">ici<\/a>. Les revendeurs agr\u00e9\u00e9s sont \u00e0 votre disposition, trouvez le magasin le plus proche en utilisant notre <a href=\"https:\/\/www.pesavento.com\/fr\/store-locator\/\">Points de vente<\/a>.<\/h3>\n<\/div><div class=\"fusion-sep-clear\"><\/div><div class=\"fusion-separator fusion-full-width-sep sep-none\" style=\"margin-left: auto;margin-right: auto;margin-top:20px;margin-bottom:10px;\"><\/div><div class=\"fusion-clearfix\"><\/div><\/div><\/div><div  class=\"fusion-layout-column fusion_builder_column fusion_builder_column_1_1 fusion-builder-column-2 fusion-one-full fusion-column-first fusion-column-last fusion-column-no-min-height 1_1\"  style='margin-top:0px;margin-bottom:0px;'><div class=\"fusion-column-wrapper\" style=\"padding: 0px 0px 0px 0px;background-position:left top;background-repeat:no-repeat;-webkit-background-size:cover;-moz-background-size:cover;-o-background-size:cover;background-size:cover;\"   data-bg-url=\"\"><style type=\"text\/css\">@media only screen and (max-width:640px) {.fusion-title.fusion-title-3{margin-top:10px!important;margin-bottom:10px!important;}}<\/style><div class=\"fusion-title title fusion-title-3 fusion-sep-none fusion-title-text fusion-title-size-two\" style=\"margin-top:2px;margin-bottom:1px;\"><h2 class=\"title-heading-left\" style=\"margin:0;\">Est-il possible d\u2019acheter en ligne?<\/h2><\/div><div class=\"fusion-text\"><h3 style=\"text-align: left;\">Non, nos collections ne sont disponibles qu\u2019aupr\u00e8s des revendeurs agr\u00e9\u00e9s, que vous pouvez trouver <a href=\"https:\/\/www.pesavento.com\/fr\/store-locator\/\">ici<\/a>.<\/h3>\n<\/div><div class=\"fusion-sep-clear\"><\/div><div class=\"fusion-separator fusion-full-width-sep sep-none\" style=\"margin-left: auto;margin-right: auto;margin-top:20px;margin-bottom:10px;\"><\/div><div class=\"fusion-clearfix\"><\/div><\/div><\/div><div  class=\"fusion-layout-column fusion_builder_column fusion_builder_column_1_1 fusion-builder-column-3 fusion-one-full fusion-column-first fusion-column-last fusion-column-no-min-height 1_1\"  style='margin-top:0px;margin-bottom:0px;'><div class=\"fusion-column-wrapper\" style=\"padding: 0px 0px 0px 0px;background-position:left top;background-repeat:no-repeat;-webkit-background-size:cover;-moz-background-size:cover;-o-background-size:cover;background-size:cover;\"   data-bg-url=\"\"><style type=\"text\/css\">@media only screen and (max-width:640px) {.fusion-title.fusion-title-4{margin-top:10px!important;margin-bottom:10px!important;}}<\/style><div class=\"fusion-title title fusion-title-4 fusion-sep-none fusion-title-text fusion-title-size-two\" style=\"margin-top:2px;margin-bottom:1px;\"><h2 class=\"title-heading-left\" style=\"margin:0;\">Est-il possible d\u2019acheter en direct\u00a0?<\/h2><\/div><div class=\"fusion-text\"><h3 style=\"text-align: left;\">Non, nos collections ne sont disponibles qu\u2019aupr\u00e8s des revendeurs agr\u00e9\u00e9s, que vous pouvez trouver <a href=\"https:\/\/www.pesavento.com\/fr\/store-locator\/\">ici<\/a>.<\/h3>\n<\/div><div class=\"fusion-sep-clear\"><\/div><div class=\"fusion-separator fusion-full-width-sep sep-none\" style=\"margin-left: auto;margin-right: auto;margin-top:20px;margin-bottom:10px;\"><\/div><div class=\"fusion-clearfix\"><\/div><\/div><\/div><div  class=\"fusion-layout-column fusion_builder_column fusion_builder_column_1_1 fusion-builder-column-4 fusion-one-full fusion-column-first fusion-column-last fusion-column-no-min-height 1_1\"  style='margin-top:0px;margin-bottom:0px;'><div class=\"fusion-column-wrapper\" style=\"padding: 0px 0px 0px 0px;background-position:left top;background-repeat:no-repeat;-webkit-background-size:cover;-moz-background-size:cover;-o-background-size:cover;background-size:cover;\"   data-bg-url=\"\"><style type=\"text\/css\">@media only screen and (max-width:640px) {.fusion-title.fusion-title-5{margin-top:10px!important;margin-bottom:10px!important;}}<\/style><div class=\"fusion-title title fusion-title-5 fusion-sep-none fusion-title-text fusion-title-size-two\" style=\"margin-top:2px;margin-bottom:1px;\"><h2 class=\"title-heading-left\" style=\"margin:0;\">Quels sont les prix de vos produits?<\/h2><\/div><div class=\"fusion-text\"><h3 style=\"text-align: left;\">Vous pouvez contacter <a href=\"https:\/\/www.pesavento.com\/fr\/store-locator\/\">le revendeur<\/a> agr\u00e9\u00e9 de votre choix.<\/h3>\n<\/div><div class=\"fusion-sep-clear\"><\/div><div class=\"fusion-separator fusion-full-width-sep sep-none\" style=\"margin-left: auto;margin-right: auto;margin-top:20px;margin-bottom:10px;\"><\/div><div class=\"fusion-clearfix\"><\/div><\/div><\/div><div  class=\"fusion-layout-column fusion_builder_column fusion_builder_column_1_1 fusion-builder-column-5 fusion-one-full fusion-column-first fusion-column-last fusion-column-no-min-height 1_1\"  style='margin-top:0px;margin-bottom:0px;'><div class=\"fusion-column-wrapper\" style=\"padding: 0px 0px 0px 0px;background-position:left top;background-repeat:no-repeat;-webkit-background-size:cover;-moz-background-size:cover;-o-background-size:cover;background-size:cover;\"   data-bg-url=\"\"><style type=\"text\/css\">@media only screen and (max-width:640px) {.fusion-title.fusion-title-6{margin-top:10px!important;margin-bottom:10px!important;}}<\/style><div class=\"fusion-title title fusion-title-6 fusion-sep-none fusion-title-text fusion-title-size-two\" style=\"margin-top:2px;margin-bottom:1px;\"><h2 class=\"title-heading-left\" style=\"margin:0;\">En quelles mati\u00e8res sont faits vos produits?<\/h2><\/div><div class=\"fusion-text\"><h3 style=\"text-align: left;\">Nous travaillons principalement avec argent titre 925 % \u00b0 mais chaque produit peut avoir des traitements diff\u00e9rents (bain d\u2019or rose 18CT, Polvere obtenu par un traitement sp\u00e9cial, etc.).. Pour plus de d\u00e9tails, vous pouvez consulter les fiches de donn\u00e9es individuelles de nos produits.<\/h3>\n<\/div><div class=\"fusion-sep-clear\"><\/div><div class=\"fusion-separator fusion-full-width-sep sep-none\" style=\"margin-left: auto;margin-right: auto;margin-top:20px;margin-bottom:10px;\"><\/div><div class=\"fusion-text\"><p style=\"text-align: center;\">Pour tout renseignement compl\u00e9mentaire, veuillez <a href=\"https:\/\/www.pesavento.com\/fr\/contatti\/\">nous contacter <\/a> via notre formulaire de contact, nos r\u00e9seaux sociaux ou par <a href=\"mailto:info@pesavento.com\">mail!<\/a><\/p>\n<p>\u00a0<\/p>\n<\/div><div class=\"fusion-clearfix\"><\/div><\/div><\/div><\/div><\/div><\/p>\n","protected":false},"excerpt":{"rendered":"","protected":false},"author":1204,"featured_media":0,"parent":0,"menu_order":0,"comment_status":"closed","ping_status":"closed","template":"","meta":[],"yoast_head":"<!-- This site is optimized with the Yoast SEO plugin v16.3 - https:\/\/yoast.com\/wordpress\/plugins\/seo\/ -->\n<title>FOIRE AUX QUESTIONS - Pesavento Art Expressions - Gioielli made in Italy<\/title>\n<meta name=\"robots\" content=\"index, follow, max-snippet:-1, max-image-preview:large, max-video-preview:-1\" \/>\n<link rel=\"canonical\" href=\"https:\/\/www.pesavento.com\/fr\/faqs\/\" \/>\n<meta property=\"og:locale\" content=\"fr_FR\" \/>\n<meta property=\"og:type\" content=\"article\" \/>\n<meta property=\"og:title\" content=\"FOIRE AUX QUESTIONS - Pesavento Art Expressions - Gioielli made in Italy\" \/>\n<meta property=\"og:url\" content=\"https:\/\/www.pesavento.com\/fr\/faqs\/\" \/>\n<meta property=\"og:site_name\" content=\"Pesavento Art Expressions - Gioielli made in Italy\" \/>\n<meta property=\"article:modified_time\" content=\"2018-10-09T17:36:10+00:00\" \/>\n<meta name=\"twitter:card\" content=\"summary\" \/>\n<meta name=\"twitter:label1\" content=\"Dur\u00e9e de lecture est.\">\n\t<meta name=\"twitter:data1\" content=\"5 minutes\">\n<script type=\"application\/ld+json\" class=\"yoast-schema-graph\">{\"@context\":\"https:\/\/schema.org\",\"@graph\":[{\"@type\":\"Organization\",\"@id\":\"https:\/\/www.pesavento.com\/en\/#organization\",\"name\":\"Pesavento\",\"url\":\"https:\/\/www.pesavento.com\/en\/\",\"sameAs\":[],\"logo\":{\"@type\":\"ImageObject\",\"@id\":\"https:\/\/www.pesavento.com\/en\/#logo\",\"inLanguage\":\"fr-FR\",\"url\":\"https:\/\/www.pesavento.com\/web\/wp-content\/uploads\/2017\/11\/Logo_Pesavento_Gioielli.jpg\",\"contentUrl\":\"https:\/\/www.pesavento.com\/web\/wp-content\/uploads\/2017\/11\/Logo_Pesavento_Gioielli.jpg\",\"width\":320,\"height\":84,\"caption\":\"Pesavento\"},\"image\":{\"@id\":\"https:\/\/www.pesavento.com\/en\/#logo\"}},{\"@type\":\"WebSite\",\"@id\":\"https:\/\/www.pesavento.com\/en\/#website\",\"url\":\"https:\/\/www.pesavento.com\/en\/\",\"name\":\"Pesavento Art Expressions - Gioielli made in Italy\",\"description\":\"Gioielli Made in Italy\",\"publisher\":{\"@id\":\"https:\/\/www.pesavento.com\/en\/#organization\"},\"potentialAction\":[{\"@type\":\"SearchAction\",\"target\":\"https:\/\/www.pesavento.com\/en\/?s={search_term_string}\",\"query-input\":\"required name=search_term_string\"}],\"inLanguage\":\"fr-FR\"},{\"@type\":\"WebPage\",\"@id\":\"https:\/\/www.pesavento.com\/fr\/faqs\/#webpage\",\"url\":\"https:\/\/www.pesavento.com\/fr\/faqs\/\",\"name\":\"FOIRE AUX QUESTIONS - Pesavento Art Expressions - Gioielli made in Italy\",\"isPartOf\":{\"@id\":\"https:\/\/www.pesavento.com\/en\/#website\"},\"datePublished\":\"2016-11-19T11:48:45+00:00\",\"dateModified\":\"2018-10-09T17:36:10+00:00\",\"breadcrumb\":{\"@id\":\"https:\/\/www.pesavento.com\/fr\/faqs\/#breadcrumb\"},\"inLanguage\":\"fr-FR\",\"potentialAction\":[{\"@type\":\"ReadAction\",\"target\":[\"https:\/\/www.pesavento.com\/fr\/faqs\/\"]}]},{\"@type\":\"BreadcrumbList\",\"@id\":\"https:\/\/www.pesavento.com\/fr\/faqs\/#breadcrumb\",\"itemListElement\":[{\"@type\":\"ListItem\",\"position\":1,\"item\":{\"@type\":\"WebPage\",\"@id\":\"https:\/\/www.pesavento.com\/fr\/\",\"url\":\"https:\/\/www.pesavento.com\/fr\/\",\"name\":\"Home\"}},{\"@type\":\"ListItem\",\"position\":2,\"item\":{\"@id\":\"https:\/\/www.pesavento.com\/fr\/faqs\/#webpage\"}}]}]}<\/script>\n<!-- \/ Yoast SEO plugin. -->","_links":{"self":[{"href":"https:\/\/www.pesavento.com\/fr\/wp-json\/wp\/v2\/pages\/12225\/"}],"collection":[{"href":"https:\/\/www.pesavento.com\/fr\/wp-json\/wp\/v2\/pages\/"}],"about":[{"href":"https:\/\/www.pesavento.com\/fr\/wp-json\/wp\/v2\/types\/page\/"}],"author":[{"embeddable":true,"href":"https:\/\/www.pesavento.com\/fr\/wp-json\/wp\/v2\/users\/1204\/"}],"replies":[{"embeddable":true,"href":"https:\/\/www.pesavento.com\/fr\/wp-json\/wp\/v2\/comments\/?post=12225"}],"version-history":[{"count":1,"href":"https:\/\/www.pesavento.com\/fr\/wp-json\/wp\/v2\/pages\/12225\/revisions\/"}],"predecessor-version":[{"id":38888,"href":"https:\/\/www.pesavento.com\/fr\/wp-json\/wp\/v2\/pages\/12225\/revisions\/38888\/"}],"wp:attachment":[{"href":"https:\/\/www.pesavento.com\/fr\/wp-json\/wp\/v2\/media\/?parent=12225"}],"curies":[{"name":"wp","href":"https:\/\/api.w.org\/{rel}","templated":true}]}}