{"id":47095,"date":"2019-06-11T12:58:15","date_gmt":"2019-06-11T10:58:15","guid":{"rendered":"https:\/\/www.pesavento.com\/?page_id=47095"},"modified":"2022-03-08T00:43:36","modified_gmt":"2022-03-07T23:43:36","slug":"cocktail-18k","status":"publish","type":"page","link":"https:\/\/www.pesavento.com\/fr\/collections-pesavento\/cocktail-18k\/","title":{"rendered":"Cocktail 18K"},"content":{"rendered":"<p><div class=\"fusion-fullwidth fullwidth-box fusion-builder-row-1 nonhundred-percent-fullwidth non-hundred-percent-height-scrolling\"  style='background-color: rgba(255,255,255,0);background-position: left top;background-repeat: no-repeat;padding-top:20px;padding-right:15%;padding-bottom:20px;padding-left:15%;border-top-width:0px;border-bottom-width:0px;border-color:#eae9e9;border-top-style:solid;border-bottom-style:solid;'><div class=\"fusion-builder-row fusion-row \"><div  class=\"fusion-layout-column fusion_builder_column fusion_builder_column_1_1 fusion-builder-column-0 fusion-one-full fusion-column-first fusion-column-last fusion-column-no-min-height 1_1\"  style='margin-top:0px;margin-bottom:0px;'><div class=\"fusion-column-wrapper\" style=\"padding: 0px 0px 0px 0px;background-position:left top;background-repeat:no-repeat;-webkit-background-size:cover;-moz-background-size:cover;-o-background-size:cover;background-size:cover;\"   data-bg-url=\"\"><style type=\"text\/css\">@media only screen and (max-width:640px) {.fusion-title.fusion-title-1{margin-top:10px!important;margin-bottom:10px!important;}}<\/style><div class=\"fusion-title title fusion-title-1 fusion-sep-none fusion-title-center fusion-title-text fusion-title-size-one underlined-title-dark\" style=\"margin-top:0px;margin-bottom:1px;\"><h1 class=\"title-heading-center\" style=\"margin:0;\">COCKTAIL OR 18K<\/h1><\/div><div class=\"fusion-text\"><p style=\"text-align: center;\">Dans la collection Cocktail, notre belle Diamond Dust apporte une nouvelle lumi\u00e8re aux cr\u00e9ations en or rose et blanc 18 carats, les transformant en ciels \u00e9toil\u00e9s, gardiens de doux r\u00eaves. Les contours doux et le jeu des formes cr\u00e9ent un design aussi vivant qu\u2019\u00e9l\u00e9gant que le flux de bulles dans une coupe de champagne. Une invitation au pur bonheur.<\/p>\n<\/div><div class=\"fusion-sep-clear\"><\/div><div class=\"fusion-separator fusion-full-width-sep sep-shadow\" style=\"background:radial-gradient(ellipse at 50% -50% , #e0dede 0px, rgba(255, 255, 255, 0) 80%) repeat scroll 0 0 rgba(0, 0, 0, 0);background:-webkit-radial-gradient(ellipse at 50% -50% , #e0dede 0px, rgba(255, 255, 255, 0) 80%) repeat scroll 0 0 rgba(0, 0, 0, 0);background:-moz-radial-gradient(ellipse at 50% -50% , #e0dede 0px, rgba(255, 255, 255, 0) 80%) repeat scroll 0 0 rgba(0, 0, 0, 0);background:-o-radial-gradient(ellipse at 50% -50% , #e0dede 0px, rgba(255, 255, 255, 0) 80%) repeat scroll 0 0 rgba(0, 0, 0, 0);margin-left: auto;margin-right: auto;margin-top:;margin-bottom:30px;\"><\/div><div class=\"fusion-clearfix\"><\/div><\/div><\/div><\/div><\/div><div class=\"fusion-fullwidth fullwidth-box fusion-builder-row-2 nonhundred-percent-fullwidth non-hundred-percent-height-scrolling fusion-no-small-visibility\"  style='background-color: rgba(255,255,255,0);background-position: left top;background-repeat: no-repeat;padding-top:25px;padding-right:10%;padding-bottom:20px;padding-left:10%;border-top-width:0px;border-bottom-width:0px;border-color:#eae9e9;border-top-style:solid;border-bottom-style:solid;'><div class=\"fusion-builder-row fusion-row \"><div  class=\"fusion-layout-column fusion_builder_column fusion_builder_column_1_1 fusion-builder-column-1 fusion-one-full fusion-column-first fusion-column-last fusion-column-no-min-height 1_1\"  style='margin-top:0px;margin-bottom:0px;'><div class=\"fusion-column-wrapper\" style=\"padding: 0px 0px 0px 0px;background-position:left top;background-repeat:no-repeat;-webkit-background-size:cover;-moz-background-size:cover;-o-background-size:cover;background-size:cover;\"   data-bg-url=\"\"><div class=\"fusion-tabs fusion-tabs-1 classic horizontal-tabs icon-position-left\"><style type=\"text\/css\">.fusion-tabs.fusion-tabs-1 .nav-tabs li a.tab-link{border-top-color:#ebeaea;background-color:#ebeaea;}.fusion-tabs.fusion-tabs-1 .nav-tabs{background-color:#ffffff;}.fusion-tabs.fusion-tabs-1 .nav-tabs li.active a.tab-link,.fusion-tabs.fusion-tabs-1 .nav-tabs li.active a.tab-link:hover,.fusion-tabs.fusion-tabs-1 .nav-tabs li.active a.tab-link:focus{border-right-color:#ffffff;}.fusion-tabs.fusion-tabs-1 .nav-tabs li.active a.tab-link,.fusion-tabs.fusion-tabs-1 .nav-tabs li.active a.tab-link:hover,.fusion-tabs.fusion-tabs-1 .nav-tabs li.active a.tab-link:focus{background-color:#ffffff;}.fusion-tabs.fusion-tabs-1 .nav-tabs li a:hover{background-color:#ffffff;border-top-color:#ffffff;}.fusion-tabs.fusion-tabs-1 .tab-pane{background-color:#ffffff;}.fusion-tabs.fusion-tabs-1 .nav,.fusion-tabs.fusion-tabs-1 .nav-tabs,.fusion-tabs.fusion-tabs-1 .tab-content .tab-pane{border-color:#ebeaea;}<\/style><div class=\"nav\"><ul class=\"nav-tabs nav-justified\"><li class=\"active\"><a class=\"tab-link\" data-toggle=\"tab\" id=\"fusion-tab-tous\" href=\"#tab-ffe3504e6de687ca939\"><h4 class=\"fusion-tab-heading\">Tous<\/h4><\/a><\/li><li><a class=\"tab-link\" data-toggle=\"tab\" id=\"fusion-tab-anneaux\" href=\"#tab-b62f41df5168e4ab650\"><h4 class=\"fusion-tab-heading\">Anneaux<\/h4><\/a><\/li><li><a class=\"tab-link\" data-toggle=\"tab\" id=\"fusion-tab-colliers\" href=\"#tab-0ee5250ed4ee05d4ab3\"><h4 class=\"fusion-tab-heading\">Colliers<\/h4><\/a><\/li><li><a class=\"tab-link\" data-toggle=\"tab\" id=\"fusion-tab-bouclesd&#039;oreilles\" href=\"#tab-c0a331d532987bbfc5b\"><h4 class=\"fusion-tab-heading\">Boucles d'oreilles<\/h4><\/a><\/li><\/ul><\/div><div class=\"tab-content\"><div class=\"nav fusion-mobile-tab-nav\"><ul class=\"nav-tabs nav-justified\"><li class=\"active\"><a class=\"tab-link\" data-toggle=\"tab\" id=\"mobile-fusion-tab-tous\" href=\"#tab-ffe3504e6de687ca939\"><h4 class=\"fusion-tab-heading\">Tous<\/h4><\/a><\/li><\/ul><\/div><div class=\"tab-pane fade fusion-clearfix in active\" id=\"tab-ffe3504e6de687ca939\">\n<div class=\"woocommerce columns-4 \"><\/div>\n<div class=\"woocommerce columns-4 \"><\/div>\n<div class=\"woocommerce columns-4 \"><\/div>\n<div class=\"woocommerce columns-4 \"><\/div>\n<\/div><div class=\"nav fusion-mobile-tab-nav\"><ul class=\"nav-tabs nav-justified\"><li><a class=\"tab-link\" data-toggle=\"tab\" id=\"mobile-fusion-tab-anneaux\" href=\"#tab-b62f41df5168e4ab650\"><h4 class=\"fusion-tab-heading\">Anneaux<\/h4><\/a><\/li><\/ul><\/div><div class=\"tab-pane fade fusion-clearfix\" id=\"tab-b62f41df5168e4ab650\">\n<div class=\"woocommerce columns-4 \"><\/div>\n<\/div><div class=\"nav fusion-mobile-tab-nav\"><ul class=\"nav-tabs nav-justified\"><li><a class=\"tab-link\" data-toggle=\"tab\" id=\"mobile-fusion-tab-colliers\" href=\"#tab-0ee5250ed4ee05d4ab3\"><h4 class=\"fusion-tab-heading\">Colliers<\/h4><\/a><\/li><\/ul><\/div><div class=\"tab-pane fade fusion-clearfix\" id=\"tab-0ee5250ed4ee05d4ab3\">\n<div class=\"woocommerce columns-4 \"><\/div>\n<\/div><div class=\"nav fusion-mobile-tab-nav\"><ul class=\"nav-tabs nav-justified\"><li><a class=\"tab-link\" data-toggle=\"tab\" id=\"mobile-fusion-tab-bouclesd&#039;oreilles\" href=\"#tab-c0a331d532987bbfc5b\"><h4 class=\"fusion-tab-heading\">Boucles d'oreilles<\/h4><\/a><\/li><\/ul><\/div><div class=\"tab-pane fade fusion-clearfix\" id=\"tab-c0a331d532987bbfc5b\">\n<div class=\"woocommerce columns-4 \"><\/div>\n<\/div><\/div><\/div><div class=\"fusion-clearfix\"><\/div><\/div><\/div><\/div><\/div><div class=\"fusion-fullwidth fullwidth-box fusion-builder-row-3 nonhundred-percent-fullwidth non-hundred-percent-height-scrolling fusion-no-medium-visibility fusion-no-large-visibility\"  style='background-color: rgba(255,255,255,0);background-position: left top;background-repeat: no-repeat;padding-top:25px;padding-right:10%;padding-bottom:20px;padding-left:10%;border-top-width:0px;border-bottom-width:0px;border-color:#eae9e9;border-top-style:solid;border-bottom-style:solid;'><div class=\"fusion-builder-row fusion-row \"><div  class=\"fusion-layout-column fusion_builder_column fusion_builder_column_1_1 fusion-builder-column-2 fusion-one-full fusion-column-first fusion-column-last fusion-column-no-min-height 1_1\"  style='margin-top:0px;margin-bottom:0px;'><div class=\"fusion-column-wrapper\" style=\"padding: 0px 0px 0px 0px;background-position:left top;background-repeat:no-repeat;-webkit-background-size:cover;-moz-background-size:cover;-o-background-size:cover;background-size:cover;\"   data-bg-url=\"\"><div class=\"fusion-tabs fusion-tabs-2 classic horizontal-tabs icon-position-left\"><style type=\"text\/css\">.fusion-tabs.fusion-tabs-2 .nav-tabs li a.tab-link{border-top-color:#ebeaea;background-color:#ebeaea;}.fusion-tabs.fusion-tabs-2 .nav-tabs{background-color:#ffffff;}.fusion-tabs.fusion-tabs-2 .nav-tabs li.active a.tab-link,.fusion-tabs.fusion-tabs-2 .nav-tabs li.active a.tab-link:hover,.fusion-tabs.fusion-tabs-2 .nav-tabs li.active a.tab-link:focus{border-right-color:#ffffff;}.fusion-tabs.fusion-tabs-2 .nav-tabs li.active a.tab-link,.fusion-tabs.fusion-tabs-2 .nav-tabs li.active a.tab-link:hover,.fusion-tabs.fusion-tabs-2 .nav-tabs li.active a.tab-link:focus{background-color:#ffffff;}.fusion-tabs.fusion-tabs-2 .nav-tabs li a:hover{background-color:#ffffff;border-top-color:#ffffff;}.fusion-tabs.fusion-tabs-2 .tab-pane{background-color:#ffffff;}.fusion-tabs.fusion-tabs-2 .nav,.fusion-tabs.fusion-tabs-2 .nav-tabs,.fusion-tabs.fusion-tabs-2 .tab-content .tab-pane{border-color:#ebeaea;}<\/style><div class=\"nav\"><ul class=\"nav-tabs nav-justified\"><li class=\"active\"><a class=\"tab-link\" data-toggle=\"tab\" id=\"fusion-tab-cliquezsurlacat\u00c9gorie\" href=\"#tab-0102b49ff1e3a26d197\"><h4 class=\"fusion-tab-heading\">CLIQUEZ SUR LA CAT\u00c9GORIE<\/h4><\/a><\/li><li><a class=\"tab-link\" data-toggle=\"tab\" id=\"fusion-tab-tous\" href=\"#tab-52f9c36084fdd3fd445\"><h4 class=\"fusion-tab-heading\">Tous<\/h4><\/a><\/li><li><a class=\"tab-link\" data-toggle=\"tab\" id=\"fusion-tab-anneaux\" href=\"#tab-1acb0c1958dd8bf5f96\"><h4 class=\"fusion-tab-heading\">Anneaux<\/h4><\/a><\/li><li><a class=\"tab-link\" data-toggle=\"tab\" id=\"fusion-tab-colliers\" href=\"#tab-dafdeebada5aff7cf7e\"><h4 class=\"fusion-tab-heading\">Colliers<\/h4><\/a><\/li><li><a class=\"tab-link\" data-toggle=\"tab\" id=\"fusion-tab-bouclesd&#039;oreilles\" href=\"#tab-58930da23bd70215009\"><h4 class=\"fusion-tab-heading\">Boucles d'oreilles<\/h4><\/a><\/li><\/ul><\/div><div class=\"tab-content\"><div class=\"nav fusion-mobile-tab-nav\"><ul class=\"nav-tabs nav-justified\"><li class=\"active\"><a class=\"tab-link\" data-toggle=\"tab\" id=\"mobile-fusion-tab-cliquezsurlacat\u00c9gorie\" href=\"#tab-0102b49ff1e3a26d197\"><h4 class=\"fusion-tab-heading\">CLIQUEZ SUR LA CAT\u00c9GORIE<\/h4><\/a><\/li><\/ul><\/div><div class=\"tab-pane fade fusion-clearfix in active\" id=\"tab-0102b49ff1e3a26d197\"><\/div><div class=\"tab-pane fade fusion-clearfix\" id=\"tab-52f9c36084fdd3fd445\">\n<div class=\"woocommerce columns-4 \"><\/div>\n<div class=\"woocommerce columns-4 \"><\/div>\n<div class=\"woocommerce columns-4 \"><\/div>\n<div class=\"woocommerce columns-4 \"><\/div>\n<\/div><div class=\"nav fusion-mobile-tab-nav\"><ul class=\"nav-tabs nav-justified\"><li><a class=\"tab-link\" data-toggle=\"tab\" id=\"mobile-fusion-tab-tous\" href=\"#tab-52f9c36084fdd3fd445\"><h4 class=\"fusion-tab-heading\">Tous<\/h4><\/a><\/li><\/ul><\/div><div class=\"tab-pane fade fusion-clearfix\" id=\"tab-1acb0c1958dd8bf5f96\">\n<div class=\"woocommerce columns-4 \"><\/div>\n<\/div><div class=\"nav fusion-mobile-tab-nav\"><ul class=\"nav-tabs nav-justified\"><li><a class=\"tab-link\" data-toggle=\"tab\" id=\"mobile-fusion-tab-anneaux\" href=\"#tab-1acb0c1958dd8bf5f96\"><h4 class=\"fusion-tab-heading\">Anneaux<\/h4><\/a><\/li><\/ul><\/div><div class=\"tab-pane fade fusion-clearfix\" id=\"tab-dafdeebada5aff7cf7e\">\n<div class=\"woocommerce columns-4 \"><\/div>\n<\/div><div class=\"nav fusion-mobile-tab-nav\"><ul class=\"nav-tabs nav-justified\"><li><a class=\"tab-link\" data-toggle=\"tab\" id=\"mobile-fusion-tab-colliers\" href=\"#tab-dafdeebada5aff7cf7e\"><h4 class=\"fusion-tab-heading\">Colliers<\/h4><\/a><\/li><\/ul><\/div><div class=\"tab-pane fade fusion-clearfix\" id=\"tab-58930da23bd70215009\">\n<div class=\"woocommerce columns-4 \"><\/div>\n<\/div><div class=\"nav fusion-mobile-tab-nav\"><ul class=\"nav-tabs nav-justified\"><li><a class=\"tab-link\" data-toggle=\"tab\" id=\"mobile-fusion-tab-bouclesd&#039;oreilles\" href=\"#tab-58930da23bd70215009\"><h4 class=\"fusion-tab-heading\">Boucles d'oreilles<\/h4><\/a><\/li><\/ul><\/div><\/div><\/div><div class=\"fusion-clearfix\"><\/div><\/div><\/div><\/div><\/div><\/p>\n","protected":false},"excerpt":{"rendered":"","protected":false},"author":1204,"featured_media":0,"parent":12243,"menu_order":0,"comment_status":"closed","ping_status":"closed","template":"","meta":[],"yoast_head":"<!-- This site is optimized with the Yoast SEO plugin v16.3 - https:\/\/yoast.com\/wordpress\/plugins\/seo\/ -->\n<title>Cocktail 18K - Pesavento Art Expressions - Gioielli made in Italy<\/title>\n<meta name=\"robots\" content=\"index, follow, max-snippet:-1, max-image-preview:large, max-video-preview:-1\" \/>\n<link rel=\"canonical\" href=\"https:\/\/www.pesavento.com\/fr\/collections-pesavento\/cocktail-18k\/\" \/>\n<meta property=\"og:locale\" content=\"fr_FR\" \/>\n<meta property=\"og:type\" content=\"article\" \/>\n<meta property=\"og:title\" content=\"Cocktail 18K - Pesavento Art Expressions - Gioielli made in Italy\" \/>\n<meta property=\"og:url\" content=\"https:\/\/www.pesavento.com\/fr\/collections-pesavento\/cocktail-18k\/\" \/>\n<meta property=\"og:site_name\" content=\"Pesavento Art Expressions - Gioielli made in Italy\" \/>\n<meta property=\"article:modified_time\" content=\"2022-03-07T23:43:36+00:00\" \/>\n<meta name=\"twitter:card\" content=\"summary\" \/>\n<meta name=\"twitter:label1\" content=\"Dur\u00e9e de lecture est.\">\n\t<meta name=\"twitter:data1\" content=\"5 minutes\">\n<script type=\"application\/ld+json\" class=\"yoast-schema-graph\">{\"@context\":\"https:\/\/schema.org\",\"@graph\":[{\"@type\":\"Organization\",\"@id\":\"https:\/\/www.pesavento.com\/en\/#organization\",\"name\":\"Pesavento\",\"url\":\"https:\/\/www.pesavento.com\/en\/\",\"sameAs\":[],\"logo\":{\"@type\":\"ImageObject\",\"@id\":\"https:\/\/www.pesavento.com\/en\/#logo\",\"inLanguage\":\"fr-FR\",\"url\":\"https:\/\/www.pesavento.com\/web\/wp-content\/uploads\/2017\/11\/Logo_Pesavento_Gioielli.jpg\",\"contentUrl\":\"https:\/\/www.pesavento.com\/web\/wp-content\/uploads\/2017\/11\/Logo_Pesavento_Gioielli.jpg\",\"width\":320,\"height\":84,\"caption\":\"Pesavento\"},\"image\":{\"@id\":\"https:\/\/www.pesavento.com\/en\/#logo\"}},{\"@type\":\"WebSite\",\"@id\":\"https:\/\/www.pesavento.com\/en\/#website\",\"url\":\"https:\/\/www.pesavento.com\/en\/\",\"name\":\"Pesavento Art Expressions - Gioielli made in Italy\",\"description\":\"Gioielli Made in Italy\",\"publisher\":{\"@id\":\"https:\/\/www.pesavento.com\/en\/#organization\"},\"potentialAction\":[{\"@type\":\"SearchAction\",\"target\":\"https:\/\/www.pesavento.com\/en\/?s={search_term_string}\",\"query-input\":\"required name=search_term_string\"}],\"inLanguage\":\"fr-FR\"},{\"@type\":\"WebPage\",\"@id\":\"https:\/\/www.pesavento.com\/fr\/collections-pesavento\/cocktail-18k\/#webpage\",\"url\":\"https:\/\/www.pesavento.com\/fr\/collections-pesavento\/cocktail-18k\/\",\"name\":\"Cocktail 18K - Pesavento Art Expressions - Gioielli made in Italy\",\"isPartOf\":{\"@id\":\"https:\/\/www.pesavento.com\/en\/#website\"},\"datePublished\":\"2019-06-11T10:58:15+00:00\",\"dateModified\":\"2022-03-07T23:43:36+00:00\",\"breadcrumb\":{\"@id\":\"https:\/\/www.pesavento.com\/fr\/collections-pesavento\/cocktail-18k\/#breadcrumb\"},\"inLanguage\":\"fr-FR\",\"potentialAction\":[{\"@type\":\"ReadAction\",\"target\":[\"https:\/\/www.pesavento.com\/fr\/collections-pesavento\/cocktail-18k\/\"]}]},{\"@type\":\"BreadcrumbList\",\"@id\":\"https:\/\/www.pesavento.com\/fr\/collections-pesavento\/cocktail-18k\/#breadcrumb\",\"itemListElement\":[{\"@type\":\"ListItem\",\"position\":1,\"item\":{\"@type\":\"WebPage\",\"@id\":\"https:\/\/www.pesavento.com\/fr\/\",\"url\":\"https:\/\/www.pesavento.com\/fr\/\",\"name\":\"Home\"}},{\"@type\":\"ListItem\",\"position\":2,\"item\":{\"@type\":\"WebPage\",\"@id\":\"https:\/\/www.pesavento.com\/fr\/collections-pesavento\/\",\"url\":\"https:\/\/www.pesavento.com\/fr\/collections-pesavento\/\",\"name\":\"Collezioni\"}},{\"@type\":\"ListItem\",\"position\":3,\"item\":{\"@id\":\"https:\/\/www.pesavento.com\/fr\/collections-pesavento\/cocktail-18k\/#webpage\"}}]}]}<\/script>\n<!-- \/ Yoast SEO plugin. -->","_links":{"self":[{"href":"https:\/\/www.pesavento.com\/fr\/wp-json\/wp\/v2\/pages\/47095\/"}],"collection":[{"href":"https:\/\/www.pesavento.com\/fr\/wp-json\/wp\/v2\/pages\/"}],"about":[{"href":"https:\/\/www.pesavento.com\/fr\/wp-json\/wp\/v2\/types\/page\/"}],"author":[{"embeddable":true,"href":"https:\/\/www.pesavento.com\/fr\/wp-json\/wp\/v2\/users\/1204\/"}],"replies":[{"embeddable":true,"href":"https:\/\/www.pesavento.com\/fr\/wp-json\/wp\/v2\/comments\/?post=47095"}],"version-history":[{"count":4,"href":"https:\/\/www.pesavento.com\/fr\/wp-json\/wp\/v2\/pages\/47095\/revisions\/"}],"predecessor-version":[{"id":73907,"href":"https:\/\/www.pesavento.com\/fr\/wp-json\/wp\/v2\/pages\/47095\/revisions\/73907\/"}],"up":[{"embeddable":true,"href":"https:\/\/www.pesavento.com\/fr\/wp-json\/wp\/v2\/pages\/12243\/"}],"wp:attachment":[{"href":"https:\/\/www.pesavento.com\/fr\/wp-json\/wp\/v2\/media\/?parent=47095"}],"curies":[{"name":"wp","href":"https:\/\/api.w.org\/{rel}","templated":true}]}}