{"id":57224,"date":"2020-01-03T17:12:16","date_gmt":"2020-01-03T16:12:16","guid":{"rendered":"https:\/\/www.pesavento.com\/?page_id=57224"},"modified":"2025-09-17T16:39:52","modified_gmt":"2025-09-17T14:39:52","slug":"politique-rjc","status":"publish","type":"page","link":"https:\/\/www.pesavento.com\/fr\/politique-rjc\/","title":{"rendered":"Politique RJC"},"content":{"rendered":"<p><div class=\"fusion-fullwidth fullwidth-box fusion-builder-row-1 nonhundred-percent-fullwidth non-hundred-percent-height-scrolling\"  style='background-color: rgba(255,255,255,0);background-position: center center;background-repeat: no-repeat;padding-top:0px;padding-right:30px;padding-bottom:0px;padding-left:30px;'><div class=\"fusion-builder-row fusion-row \"><div  class=\"fusion-layout-column fusion_builder_column fusion_builder_column_1_1 fusion-builder-column-0 fusion-one-full fusion-column-first fusion-column-last 1_1\"  style='margin-top:0px;margin-bottom:20px;'><div class=\"fusion-column-wrapper\" style=\"padding: 0px 0px 0px 0px;background-position:left top;background-repeat:no-repeat;-webkit-background-size:cover;-moz-background-size:cover;-o-background-size:cover;background-size:cover;\"   data-bg-url=\"\"><style type=\"text\/css\">@media only screen and (max-width:640px) {.fusion-title.fusion-title-1{margin-top:10px!important;margin-bottom:10px!important;}}<\/style><div class=\"fusion-title title fusion-title-1 fusion-sep-none fusion-title-center fusion-title-text fusion-title-size-one underlined-title-dark\" style=\"margin-top:2px;margin-bottom:1px;\"><h1 class=\"title-heading-center\" style=\"margin:0;\"><p style=\"text-align: center;\">Politique RJC<\/p><\/h1><\/div><div class=\"fusion-clearfix\"><\/div><\/div><\/div><div  class=\"fusion-layout-column fusion_builder_column fusion_builder_column_1_1 fusion-builder-column-1 fusion-one-full fusion-column-first fusion-column-last 1_1\"  style='margin-top:0px;margin-bottom:20px;'><div class=\"fusion-column-wrapper\" style=\"padding: 0px 0px 0px 0px;background-position:left top;background-repeat:no-repeat;-webkit-background-size:cover;-moz-background-size:cover;-o-background-size:cover;background-size:cover;\"   data-bg-url=\"\"><div class=\"fusion-text\"><p style=\"text-align: justify;\"><strong>Pesavento srl Unipersonale<\/strong> est une entreprise de dimensions moyennes charg\u00e9e du traitement de m\u00e9taux pr\u00e9cieux pour des marques connues de bijouterie et pour sa marque.<br \/>\nL\u2019entreprise se trouve via Vecchia Ferriera 50 \u00e0 Vicence (VI) et emploie une quarantaine de personnes, pour des activit\u00e9s d\u2019orf\u00e8vrerie, depuis la transformation des mati\u00e8res premi\u00e8res jusqu\u2019\u00e0 la r\u00e9alisation du produit fini.<br \/>\n<strong>Pesavento srl Unipersonale<\/strong> est membre du Responsible Jewellery Council (RJC).<br \/>\nLe RJC est une organisation d\u00e9finissant des normes pour promouvoir le comportement \u00e9thique, les droits de l\u2019homme, les droits sociaux et les pratiques environnementales tout au long de la cha\u00eene d\u2019approvisionnement des bijoux en diamants, en or et en groupes de m\u00e9taux du platine.<br \/>\nLe RJC a d\u00e9velopp\u00e9 une norme de r\u00e9f\u00e9rence pour la cha\u00eene d\u2019approvisionnement de bijoux et de m\u00e9canismes cr\u00e9dibles pour le contr\u00f4le des pratiques commerciales responsables \u00e0 travers des audits de tiers.<br \/>\nEn tant que membre certifi\u00e9 du RJC, <strong>Pesavento srl Unipersonale<\/strong> s\u2019engage \u00e0 g\u00e9rer son activit\u00e9 conform\u00e9ment au code de proc\u00e9dure RJC, int\u00e9gr\u00e9e avec la norme volontaire CoC pour la cha\u00eene de contr\u00f4le. L\u2019entreprise s\u2019engage \u00e9galement \u00e0 int\u00e9grer les consid\u00e9rations \u00e9thiques, sociales, environnementales et relatives aux droits de la personne dans ses activit\u00e9s quotidiennes, ses activit\u00e9s de planification et ses processus d\u00e9cisionnels.<\/p>\n<\/div><div class=\"fusion-clearfix\"><\/div><\/div><\/div><div  class=\"fusion-layout-column fusion_builder_column fusion_builder_column_1_4 fusion-builder-column-2 fusion-one-fourth fusion-column-first 1_4\"  style='margin-top:0px;margin-bottom:20px;width:25%;width:calc(25% - ( ( 4% + 4% + 4% ) * 0.25 ) );margin-right: 4%;'><div class=\"fusion-column-wrapper\" style=\"padding: 0px 0px 0px 0px;background-position:left top;background-repeat:no-repeat;-webkit-background-size:cover;-moz-background-size:cover;-o-background-size:cover;background-size:cover;\"   data-bg-url=\"\"><div class=\"fusion-clearfix\"><\/div><\/div><\/div><div  class=\"fusion-layout-column fusion_builder_column fusion_builder_column_1_4 fusion-builder-column-3 fusion-one-fourth 1_4\"  style='margin-top:0px;margin-bottom:20px;width:25%;width:calc(25% - ( ( 4% + 4% + 4% ) * 0.25 ) );margin-right: 4%;'><div class=\"fusion-column-wrapper\" style=\"padding: 0px 0px 0px 0px;background-position:left top;background-repeat:no-repeat;-webkit-background-size:cover;-moz-background-size:cover;-o-background-size:cover;background-size:cover;\"   data-bg-url=\"\"><div class=\"imageframe-align-center\"><span class=\"fusion-imageframe imageframe-none imageframe-1 hover-type-none\"><img loading=\"lazy\" src=\"https:\/\/www.pesavento.com\/web\/wp-content\/uploads\/2025\/09\/pesavento-unipersonale-certificato-rjc-212x300.jpg\" width=\"212\" height=\"300\" alt=\"\" title=\"pesavento-unipersonale-certificato-rjc\" class=\"img-responsive wp-image-97156\" srcset=\"https:\/\/www.pesavento.com\/web\/wp-content\/uploads\/2025\/09\/pesavento-unipersonale-certificato-rjc-200x283.jpg 200w, https:\/\/www.pesavento.com\/web\/wp-content\/uploads\/2025\/09\/pesavento-unipersonale-certificato-rjc-400x565.jpg 400w, https:\/\/www.pesavento.com\/web\/wp-content\/uploads\/2025\/09\/pesavento-unipersonale-certificato-rjc.jpg 600w\" sizes=\"(max-width: 640px) 100vw, 212px\" \/><\/span><\/div><div class=\"fusion-button-wrapper fusion-aligncenter\"><a class=\"fusion-button button-flat fusion-button-default-size button-lightgray button-1 fusion-button-default-span fusion-button-default-type\" target=\"_blank\" rel=\"noopener noreferrer\" href=\"https:\/\/www.pesavento.com\/web\/wp-content\/uploads\/2025\/09\/Pesavento-SRL-Unipersonale-RJC-Certificate-COC-2017-EU-2-1.pdf\"><i class=\"fa-file-pdf fas button-icon-left\"><\/i><span class=\"fusion-button-text\">T\u00e9l\u00e9chargez le PDF complet<\/span><\/a><\/div><div class=\"fusion-clearfix\"><\/div><\/div><\/div><div  class=\"fusion-layout-column fusion_builder_column fusion_builder_column_1_4 fusion-builder-column-4 fusion-one-fourth 1_4\"  style='margin-top:0px;margin-bottom:20px;width:25%;width:calc(25% - ( ( 4% + 4% + 4% ) * 0.25 ) );margin-right: 4%;'><div class=\"fusion-column-wrapper\" style=\"padding: 0px 0px 0px 0px;background-position:left top;background-repeat:no-repeat;-webkit-background-size:cover;-moz-background-size:cover;-o-background-size:cover;background-size:cover;\"   data-bg-url=\"\"><div class=\"imageframe-align-center\"><span class=\"fusion-imageframe imageframe-none imageframe-2 hover-type-none\"><img loading=\"lazy\" src=\"https:\/\/www.pesavento.com\/web\/wp-content\/uploads\/2025\/09\/0000-6023-certificato-rjc-212x300.jpg\" width=\"212\" height=\"300\" alt=\"\" title=\"0000-6023-certificato-rjc\" class=\"img-responsive wp-image-97162\" srcset=\"https:\/\/www.pesavento.com\/web\/wp-content\/uploads\/2025\/09\/0000-6023-certificato-rjc-200x283.jpg 200w, https:\/\/www.pesavento.com\/web\/wp-content\/uploads\/2025\/09\/0000-6023-certificato-rjc-400x565.jpg 400w, https:\/\/www.pesavento.com\/web\/wp-content\/uploads\/2025\/09\/0000-6023-certificato-rjc.jpg 600w\" sizes=\"(max-width: 640px) 100vw, 212px\" \/><\/span><\/div><div class=\"fusion-button-wrapper fusion-aligncenter\"><a class=\"fusion-button button-flat fusion-button-default-size button-lightgray button-2 fusion-button-default-span fusion-button-default-type\" target=\"_blank\" rel=\"noopener noreferrer\" href=\"https:\/\/www.pesavento.com\/web\/wp-content\/uploads\/2025\/09\/0000-6023-RJC-Certificate-COP-2019EU-1.pdf\"><i class=\"fa-file-pdf fas button-icon-left\"><\/i><span class=\"fusion-button-text\">T\u00e9l\u00e9chargez le PDF complet<\/span><\/a><\/div><div class=\"fusion-clearfix\"><\/div><\/div><\/div><div  class=\"fusion-layout-column fusion_builder_column fusion_builder_column_1_4 fusion-builder-column-5 fusion-one-fourth fusion-column-last 1_4\"  style='margin-top:0px;margin-bottom:20px;width:25%;width:calc(25% - ( ( 4% + 4% + 4% ) * 0.25 ) );'><div class=\"fusion-column-wrapper\" style=\"padding: 0px 0px 0px 0px;background-position:left top;background-repeat:no-repeat;-webkit-background-size:cover;-moz-background-size:cover;-o-background-size:cover;background-size:cover;\"   data-bg-url=\"\"><div class=\"fusion-clearfix\"><\/div><\/div><\/div><\/div><\/div><div class=\"fusion-fullwidth fullwidth-box fusion-builder-row-2 nonhundred-percent-fullwidth non-hundred-percent-height-scrolling\"  style='background-color: rgba(255,255,255,0);background-position: center center;background-repeat: no-repeat;padding-top:0px;padding-right:30px;padding-bottom:0px;padding-left:30px;'><div class=\"fusion-builder-row fusion-row \"><div  class=\"fusion-layout-column fusion_builder_column fusion_builder_column_1_1 fusion-builder-column-6 fusion-one-full fusion-column-first fusion-column-last 1_1\"  style='margin-top:0px;margin-bottom:20px;'><div class=\"fusion-column-wrapper\" style=\"padding: 0px 0px 0px 0px;background-position:left top;background-repeat:no-repeat;-webkit-background-size:cover;-moz-background-size:cover;-o-background-size:cover;background-size:cover;\"   data-bg-url=\"\"><div class=\"fusion-text\"><p style=\"text-align: justify;\">Le bilan de durabilit\u00e9 que l\u2019entreprise r\u00e9alise chaque ann\u00e9e d\u00e9finit les performances de l\u2019entreprise concernant certains objectifs que l\u2019entreprise se donne chaque ann\u00e9e.<br \/>\nEn particulier, ces principes peuvent g\u00e9n\u00e9ralement \u00eatre r\u00e9sum\u00e9s de la mani\u00e8re suivante\u00a0:<strong><br \/>\n\u2022 Respect des bonnes pratiques commerciales (absence de corruption)<br \/>\n\u2022 Absence de travail de mineurs<br \/>\n\u2022 Absence de travail forc\u00e9<br \/>\n\u2022 Respect des exigences en mati\u00e8re de sant\u00e9 et de s\u00e9curit\u00e9<br \/>\n\u2022 Libert\u00e9 d\u2019association<br \/>\n\u2022 Absence de discrimination<br \/>\n\u2022 Gestion correcte des pratiques disciplinaires conform\u00e9ment aux exigences obligatoires et gestion correcte des travailleurs<br \/>\n\u2022 R\u00e9mun\u00e9ration correcte et d\u00e9cente<br \/>\n\u2022 Horaires de travail coh\u00e9rents avec les exigences indiqu\u00e9es par la CCNL applicable<br \/>\n\u2022 Respect de l\u2019environnement et promotion de la r\u00e9duction des consommations et des bonnes pratiques de gestion des d\u00e9chets et des ressources non renouvelables<br \/>\n\u2022 Condamnation et refus de toute activit\u00e9 li\u00e9e aux crimes de guerre, aux violations du droit international humanitaire, aux crimes contre l\u2019humanit\u00e9 ou \u00e0 un g\u00e9nocide.<br \/>\n\u2022 L\u2019organisation s\u2019engage \u00e0 n\u2019apporter aucun support direct ou indirect \u00e0 des groupes arm\u00e9s, \u00e0 lutter contre la corruption et les mauvaises pratiques de la fili\u00e8re de l\u2019or et des diamants et les abus associ\u00e9s \u00e0 l\u2019extraction, au transport et au commerce de ceux-ci.<br \/>\n\u2022 L\u2019organisation s\u2019engage \u00e0 ne pas offrir, promettre ni demander de commissions illicites et \u00e0 s\u2019opposer \u00e0 la sollicitation de commissions illicites, \u00e0 la demande d\u2019occulter, de dissimuler l\u2019origine de l\u2019or ou de faire une d\u00e9claration mensong\u00e8re concernant les taxes, imp\u00f4ts, tarifs et redevances vers\u00e9s aux gouvernements pour l\u2019extraction, le commerce, le d\u00e9placement, le transport et l\u2019exportation d\u2019or.<br \/>\n\u2022 De plus, l\u2019entreprise s\u2019engage \u00e0 ce que toutes les activit\u00e9s de surveillance priv\u00e9e et les mesures de s\u00e9curit\u00e9 visant \u00e0 prot\u00e9ger le patrimoine soient conformes aux lois nationales et respectent la dignit\u00e9 du travailleur.<br \/>\n<\/strong><\/p>\n<\/div><div class=\"fusion-button-wrapper fusion-aligncenter\"><a class=\"fusion-button button-flat fusion-button-default-size button-lightgray button-3 fusion-button-default-span fusion-button-default-type\" target=\"_self\" href=\"https:\/\/www.pesavento.com\/web\/wp-content\/uploads\/2023\/02\/Bilancio-Sostenibilita_Rev-00_2022-2023.pdf\"><i class=\"fa-file-pdf fas button-icon-left\"><\/i><span class=\"fusion-button-text\">T\u00e9l\u00e9charger les \u00e9tats financiers et revue du syst\u00e8me de responsabilit\u00e9 sociale<\/span><\/a><\/div><div class=\"fusion-sep-clear\"><\/div><div class=\"fusion-separator fusion-full-width-sep sep-none\" style=\"margin-left: auto;margin-right: auto;margin-top:;margin-bottom:35px;\"><\/div><div class=\"fusion-text\"><p style=\"text-align: justify;\">En ce qui concerne ces exigences, l\u2019entreprise d\u00e9clare respecter les r\u00e9glementations et conventions suivantes\u00a0:<br \/>\n\u2022 Norme volontaire RJC CoP &#8211; 2019<br \/>\n\u2022 Norme volontaire RJC CoC &#8211; 2017<br \/>\n\u2022 Convention de l\u2019Organisation internationale du travail (OIT)<br \/>\n\u2022 Convention des Nations unies relative aux droits de l\u2019enfant<br \/>\n\u2022 D\u00e9claration universelle des droits de l\u2019homme<br \/>\n\u2022 Convention des Nations Unies sur l\u2019\u00e9limination de toutes les formes de discrimination \u00e0 l\u2019\u00e9gard des femmes et de toutes les formes de discrimination raciale<br \/>\n\u2022 Pacte international relatif aux droits civils, politiques, \u00e9conomiques, sociaux et culturels.<br \/>\n\u2022 Guide OCDE sur le devoir de diligence pour des cha\u00eenes d\u2019approvisionnement responsables en minerais provenant de zones de conflit ou \u00e0 haut risque,<br \/>\n\u2022 Toutes les lois nationales et internationales en la mati\u00e8re, y compris le d\u00e9cret l\u00e9gislatif 81\/2008 et modifications successives, concernant la sant\u00e9 et la s\u00e9curit\u00e9 sur les lieux de travail\u00a0;<br \/>\n\u2022 R\u00e8glement europ\u00e9en 2016\/679 relatif \u00e0 la protection des personnes physiques \u00e0 l\u2019\u00e9gard du traitement des donn\u00e9es \u00e0 caract\u00e8re personnel et \u00e0 la libre circulation de ces donn\u00e9es<br \/>\n\u2022 Prescriptions du d\u00e9cret l\u00e9gislatif 231\/2001 en mati\u00e8re de responsabilit\u00e9 administrative de l\u2019entreprise.<\/p>\n<\/div><div class=\"fusion-clearfix\"><\/div><\/div><\/div><\/div><\/div><div class=\"fusion-fullwidth fullwidth-box fusion-builder-row-3 nonhundred-percent-fullwidth non-hundred-percent-height-scrolling\"  style='background-color: rgba(255,255,255,0);background-position: center center;background-repeat: no-repeat;padding-top:0px;padding-right:30px;padding-bottom:0px;padding-left:30px;'><div class=\"fusion-builder-row fusion-row \"><div  class=\"fusion-layout-column fusion_builder_column fusion_builder_column_1_1 fusion-builder-column-7 fusion-one-full fusion-column-first fusion-column-last 1_1\"  style='margin-top:0px;margin-bottom:20px;'><div class=\"fusion-column-wrapper\" style=\"padding: 0px 0px 0px 0px;background-position:left top;background-repeat:no-repeat;-webkit-background-size:cover;-moz-background-size:cover;-o-background-size:cover;background-size:cover;\"   data-bg-url=\"\"><style type=\"text\/css\">@media only screen and (max-width:640px) {.fusion-title.fusion-title-2{margin-top:10px!important;margin-bottom:10px!important;}}<\/style><div class=\"fusion-title title fusion-title-2 fusion-sep-none fusion-title-center fusion-title-text fusion-title-size-one underlined-title-dark\" style=\"margin-top:2px;margin-bottom:1px;\"><h1 class=\"title-heading-center\" style=\"margin:0;\"><p style=\"text-align: center;\">Signalisations et r\u00e9clamations RJC<\/p><\/h1><\/div><div class=\"fusion-text\"><p style=\"text-align: justify;\">Chers tous,<br \/>\nle syst\u00e8me de responsabilit\u00e9 sociale mis en place par PESAVENTO SRL UNIPERSONALE pr\u00e9voit la possibilit\u00e9, de la part de l\u2019ensemble des parties prenantes, de signaler des probl\u00e8mes ou d\u2019effectuer des suggestions d\u2019am\u00e9lioration en ce qui concerne le syst\u00e8me \u00e9thique mis en place. En particulier, en cas de probl\u00e8me, il est possible de contacter ou de communiquer le probl\u00e8me de la mani\u00e8re suivante\u00a0:<\/p>\n<p style=\"text-align: justify;\">\u2013 Envoyer un courrier \u00e0 l\u2019adresse suivante\u00a0:<br \/>\nTeam RJC \/ SA8000, Via Vecchia Ferriera 50, 36100 Vicenza<br \/>\n\u2013 Envoyer un e-mail \u00e0\u00a0:<br \/>\n<a href=\"mailto:segnalazionirjc@pesavento.com\">segnalazionirjc@pesavento.com<\/a><\/p>\n<p style=\"text-align: justify;\"><strong>Gestion de la r\u00e9clamation, de la signalisation et de la suggestion d\u2019am\u00e9lioration\u00a0:<\/strong><br \/>\nLa signalisation est d\u2019abord lue par un membre du Team RJC, qui convoque le Team, groupe compos\u00e9 de mani\u00e8re \u00e9quilibr\u00e9e de repr\u00e9sentants des travailleurs et de repr\u00e9sentants du management, afin d\u2019identifier des solutions.<\/p>\n<p style=\"text-align: justify;\">Une fois le probl\u00e8me r\u00e9solu, le Team doit r\u00e9sumer les actions entreprises dans le Bilan social, document \u00e9mis une fois par an et publi\u00e9 sur le site de l\u2019entreprise, sous forme simplifi\u00e9e, ou envoy\u00e9 aux parties concern\u00e9es.<\/p>\n<p style=\"text-align: justify;\">Par cons\u00e9quent, comme preuve du fonctionnement correct du syst\u00e8me \u00e9thique, toutes les activit\u00e9s effectu\u00e9es suite \u00e0 des signalisations, des suggestions et des id\u00e9es d\u2019am\u00e9lioration susceptibles de provenir des parties concern\u00e9es, internes ou externes, seront r\u00e9sum\u00e9es dans le Bilan social de la p\u00e9riode correspondante.<\/p>\n<\/div><div class=\"fusion-button-wrapper fusion-aligncenter\"><a class=\"fusion-button button-flat fusion-button-default-size button-lightgray button-4 fusion-button-default-span fusion-button-default-type\" target=\"_self\" href=\"https:\/\/www.pesavento.com\/web\/wp-content\/uploads\/2019\/03\/Pesavento SRL Unipersonale - Verbale di segnalazione o reclamo RJC - Rev 0.pdf\"><i class=\"fa-file-pdf fas button-icon-left\"><\/i><span class=\"fusion-button-text\">T\u00e9l\u00e9chargez le rapport RJC ou le rapport de plainte<\/span><\/a><\/div><div class=\"fusion-clearfix\"><\/div><\/div><\/div><\/div><\/div><\/p>\n","protected":false},"excerpt":{"rendered":"","protected":false},"author":1204,"featured_media":0,"parent":0,"menu_order":0,"comment_status":"closed","ping_status":"closed","template":"","meta":[],"yoast_head":"<!-- This site is optimized with the Yoast SEO plugin v16.3 - https:\/\/yoast.com\/wordpress\/plugins\/seo\/ -->\n<title>Politique RJC - Pesavento Art Expressions - Gioielli made in Italy<\/title>\n<meta name=\"robots\" content=\"index, follow, max-snippet:-1, max-image-preview:large, max-video-preview:-1\" \/>\n<link rel=\"canonical\" href=\"https:\/\/www.pesavento.com\/fr\/politique-rjc\/\" \/>\n<meta property=\"og:locale\" content=\"fr_FR\" \/>\n<meta property=\"og:type\" content=\"article\" \/>\n<meta property=\"og:title\" content=\"Politique RJC - Pesavento Art Expressions - Gioielli made in Italy\" \/>\n<meta property=\"og:url\" content=\"https:\/\/www.pesavento.com\/fr\/politique-rjc\/\" \/>\n<meta property=\"og:site_name\" content=\"Pesavento Art Expressions - Gioielli made in Italy\" \/>\n<meta property=\"article:modified_time\" content=\"2025-09-17T14:39:52+00:00\" \/>\n<meta name=\"twitter:card\" content=\"summary\" \/>\n<meta name=\"twitter:label1\" content=\"Dur\u00e9e de lecture est.\">\n\t<meta name=\"twitter:data1\" content=\"13 minutes\">\n<script type=\"application\/ld+json\" class=\"yoast-schema-graph\">{\"@context\":\"https:\/\/schema.org\",\"@graph\":[{\"@type\":\"Organization\",\"@id\":\"https:\/\/www.pesavento.com\/en\/#organization\",\"name\":\"Pesavento\",\"url\":\"https:\/\/www.pesavento.com\/en\/\",\"sameAs\":[],\"logo\":{\"@type\":\"ImageObject\",\"@id\":\"https:\/\/www.pesavento.com\/en\/#logo\",\"inLanguage\":\"fr-FR\",\"url\":\"https:\/\/www.pesavento.com\/web\/wp-content\/uploads\/2017\/11\/Logo_Pesavento_Gioielli.jpg\",\"contentUrl\":\"https:\/\/www.pesavento.com\/web\/wp-content\/uploads\/2017\/11\/Logo_Pesavento_Gioielli.jpg\",\"width\":320,\"height\":84,\"caption\":\"Pesavento\"},\"image\":{\"@id\":\"https:\/\/www.pesavento.com\/en\/#logo\"}},{\"@type\":\"WebSite\",\"@id\":\"https:\/\/www.pesavento.com\/en\/#website\",\"url\":\"https:\/\/www.pesavento.com\/en\/\",\"name\":\"Pesavento Art Expressions - Gioielli made in Italy\",\"description\":\"Gioielli Made in Italy\",\"publisher\":{\"@id\":\"https:\/\/www.pesavento.com\/en\/#organization\"},\"potentialAction\":[{\"@type\":\"SearchAction\",\"target\":\"https:\/\/www.pesavento.com\/en\/?s={search_term_string}\",\"query-input\":\"required name=search_term_string\"}],\"inLanguage\":\"fr-FR\"},{\"@type\":\"WebPage\",\"@id\":\"https:\/\/www.pesavento.com\/fr\/politique-rjc\/#webpage\",\"url\":\"https:\/\/www.pesavento.com\/fr\/politique-rjc\/\",\"name\":\"Politique RJC - Pesavento Art Expressions - Gioielli made in Italy\",\"isPartOf\":{\"@id\":\"https:\/\/www.pesavento.com\/en\/#website\"},\"datePublished\":\"2020-01-03T16:12:16+00:00\",\"dateModified\":\"2025-09-17T14:39:52+00:00\",\"breadcrumb\":{\"@id\":\"https:\/\/www.pesavento.com\/fr\/politique-rjc\/#breadcrumb\"},\"inLanguage\":\"fr-FR\",\"potentialAction\":[{\"@type\":\"ReadAction\",\"target\":[\"https:\/\/www.pesavento.com\/fr\/politique-rjc\/\"]}]},{\"@type\":\"BreadcrumbList\",\"@id\":\"https:\/\/www.pesavento.com\/fr\/politique-rjc\/#breadcrumb\",\"itemListElement\":[{\"@type\":\"ListItem\",\"position\":1,\"item\":{\"@type\":\"WebPage\",\"@id\":\"https:\/\/www.pesavento.com\/fr\/\",\"url\":\"https:\/\/www.pesavento.com\/fr\/\",\"name\":\"Home\"}},{\"@type\":\"ListItem\",\"position\":2,\"item\":{\"@id\":\"https:\/\/www.pesavento.com\/fr\/politique-rjc\/#webpage\"}}]}]}<\/script>\n<!-- \/ Yoast SEO plugin. -->","_links":{"self":[{"href":"https:\/\/www.pesavento.com\/fr\/wp-json\/wp\/v2\/pages\/57224\/"}],"collection":[{"href":"https:\/\/www.pesavento.com\/fr\/wp-json\/wp\/v2\/pages\/"}],"about":[{"href":"https:\/\/www.pesavento.com\/fr\/wp-json\/wp\/v2\/types\/page\/"}],"author":[{"embeddable":true,"href":"https:\/\/www.pesavento.com\/fr\/wp-json\/wp\/v2\/users\/1204\/"}],"replies":[{"embeddable":true,"href":"https:\/\/www.pesavento.com\/fr\/wp-json\/wp\/v2\/comments\/?post=57224"}],"version-history":[{"count":12,"href":"https:\/\/www.pesavento.com\/fr\/wp-json\/wp\/v2\/pages\/57224\/revisions\/"}],"predecessor-version":[{"id":97176,"href":"https:\/\/www.pesavento.com\/fr\/wp-json\/wp\/v2\/pages\/57224\/revisions\/97176\/"}],"wp:attachment":[{"href":"https:\/\/www.pesavento.com\/fr\/wp-json\/wp\/v2\/media\/?parent=57224"}],"curies":[{"name":"wp","href":"https:\/\/api.w.org\/{rel}","templated":true}]}}