{"id":60584,"date":"2020-01-27T11:20:37","date_gmt":"2020-01-27T10:20:37","guid":{"rendered":"https:\/\/www.pesavento.com\/?page_id=60584"},"modified":"2021-02-02T12:11:41","modified_gmt":"2021-02-02T11:11:41","slug":"collection-love","status":"publish","type":"page","link":"https:\/\/www.pesavento.com\/fr\/collections-pesavento\/collection-love\/","title":{"rendered":"Collection Love"},"content":{"rendered":"<p><div class=\"fusion-fullwidth fullwidth-box fusion-builder-row-1 nonhundred-percent-fullwidth non-hundred-percent-height-scrolling\"  style='background-color: rgba(255,255,255,0);background-position: left top;background-repeat: no-repeat;padding-top:20px;padding-right:15%;padding-bottom:20px;padding-left:15%;border-top-width:0px;border-bottom-width:0px;border-color:#eae9e9;border-top-style:solid;border-bottom-style:solid;'><div class=\"fusion-builder-row fusion-row \"><div  class=\"fusion-layout-column fusion_builder_column fusion_builder_column_1_1 fusion-builder-column-0 fusion-one-full fusion-column-first fusion-column-last fusion-column-no-min-height 1_1\"  style='margin-top:0px;margin-bottom:0px;'><div class=\"fusion-column-wrapper\" style=\"padding: 0px 0px 0px 0px;background-position:left top;background-repeat:no-repeat;-webkit-background-size:cover;-moz-background-size:cover;-o-background-size:cover;background-size:cover;\"   data-bg-url=\"\"><style type=\"text\/css\">@media only screen and (max-width:640px) {.fusion-title.fusion-title-1{margin-top:10px!important;margin-bottom:10px!important;}}<\/style><div class=\"fusion-title title fusion-title-1 fusion-sep-none fusion-title-center fusion-title-text fusion-title-size-one underlined-title-dark\" style=\"margin-top:0px;margin-bottom:1px;\"><h1 class=\"title-heading-center\" style=\"margin:0;\"><p style=\"text-align: center;\"><span style=\"color: #b11b20;\">D\u00c9COUVREZ LES INSPIRATIONS POUR LA SAINT-VALENTIN<\/span><\/p><\/h1><\/div><div class=\"fusion-text\"><div class=\"_5pbx userContent _3576\" data-testid=\"post_message\" data-ft=\"{\">\n<h1 style=\"text-align: center;\"><span style=\"color: #b11b20;\"><strong>INVITATION TO LOVE<br \/>\n<\/strong><strong><span style=\"color: #b11b20;\">by Pesavento<\/span> <\/strong><\/span><\/h1>\n<\/div>\n<\/div><div class=\"fusion-text\"><p style=\"text-align: center;\">Avec la nouvelle <strong>&lsquo;Love Collection&rsquo;<\/strong>,<br \/>\nPesavento vous invite \u00e0 c\u00e9l\u00e9brer l&rsquo;amour dans toutes ses nuances:<br \/>\npassion, jeu, surprise, s\u00e9duction, d\u00e9licatesse et unicit\u00e9.<\/p>\n<\/div><div class=\"fusion-sep-clear\"><\/div><div class=\"fusion-separator fusion-full-width-sep sep-shadow\" style=\"background:radial-gradient(ellipse at 50% -50% , #e0dede 0px, rgba(255, 255, 255, 0) 80%) repeat scroll 0 0 rgba(0, 0, 0, 0);background:-webkit-radial-gradient(ellipse at 50% -50% , #e0dede 0px, rgba(255, 255, 255, 0) 80%) repeat scroll 0 0 rgba(0, 0, 0, 0);background:-moz-radial-gradient(ellipse at 50% -50% , #e0dede 0px, rgba(255, 255, 255, 0) 80%) repeat scroll 0 0 rgba(0, 0, 0, 0);background:-o-radial-gradient(ellipse at 50% -50% , #e0dede 0px, rgba(255, 255, 255, 0) 80%) repeat scroll 0 0 rgba(0, 0, 0, 0);margin-left: auto;margin-right: auto;margin-top:;margin-bottom:30px;\"><\/div><div class=\"fusion-clearfix\"><\/div><\/div><\/div><\/div><\/div><div class=\"fusion-fullwidth fullwidth-box fusion-builder-row-2 nonhundred-percent-fullwidth non-hundred-percent-height-scrolling fusion-no-small-visibility\"  style='background-color: rgba(255,255,255,0);background-position: center center;background-repeat: no-repeat;padding-top:0px;padding-right:30px;padding-bottom:0px;padding-left:30px;'><div class=\"fusion-builder-row fusion-row \"><div  class=\"fusion-layout-column fusion_builder_column fusion_builder_column_1_1 fusion-builder-column-1 fusion-one-full fusion-column-first fusion-column-last 1_1\"  style='margin-top:0px;margin-bottom:20px;'><div class=\"fusion-column-wrapper\" style=\"padding: 0px 0px 0px 0px;background-position:left top;background-repeat:no-repeat;-webkit-background-size:cover;-moz-background-size:cover;-o-background-size:cover;background-size:cover;\"   data-bg-url=\"\"><div class=\"fusion-tabs fusion-tabs-1 classic horizontal-tabs icon-position-left\"><style type=\"text\/css\">.fusion-tabs.fusion-tabs-1 .nav-tabs li a.tab-link{border-top-color:#ebeaea;background-color:#ebeaea;}.fusion-tabs.fusion-tabs-1 .nav-tabs{background-color:#ffffff;}.fusion-tabs.fusion-tabs-1 .nav-tabs li.active a.tab-link,.fusion-tabs.fusion-tabs-1 .nav-tabs li.active a.tab-link:hover,.fusion-tabs.fusion-tabs-1 .nav-tabs li.active a.tab-link:focus{border-right-color:#ffffff;}.fusion-tabs.fusion-tabs-1 .nav-tabs li.active a.tab-link,.fusion-tabs.fusion-tabs-1 .nav-tabs li.active a.tab-link:hover,.fusion-tabs.fusion-tabs-1 .nav-tabs li.active a.tab-link:focus{background-color:#ffffff;}.fusion-tabs.fusion-tabs-1 .nav-tabs li a:hover{background-color:#ffffff;border-top-color:#ffffff;}.fusion-tabs.fusion-tabs-1 .tab-pane{background-color:#ffffff;}.fusion-tabs.fusion-tabs-1 .nav,.fusion-tabs.fusion-tabs-1 .nav-tabs,.fusion-tabs.fusion-tabs-1 .tab-content .tab-pane{border-color:#ebeaea;}<\/style><div class=\"nav\"><ul class=\"nav-tabs nav-justified\"><li class=\"active\"><a class=\"tab-link\" data-toggle=\"tab\" id=\"fusion-tab-tous\" href=\"#tab-3888493cce6e76e24e4\"><h4 class=\"fusion-tab-heading\">Tous<\/h4><\/a><\/li><li><a class=\"tab-link\" data-toggle=\"tab\" id=\"fusion-tab-anneaux\" href=\"#tab-7c0754a639572eb274f\"><h4 class=\"fusion-tab-heading\">Anneaux<\/h4><\/a><\/li><li><a class=\"tab-link\" data-toggle=\"tab\" id=\"fusion-tab-colliers\" href=\"#tab-1be192d9df80d484c82\"><h4 class=\"fusion-tab-heading\">Colliers<\/h4><\/a><\/li><li><a class=\"tab-link\" data-toggle=\"tab\" id=\"fusion-tab-bouclesd&#039;oreilles\" href=\"#tab-2e7cefc065006ddb03f\"><h4 class=\"fusion-tab-heading\">Boucles d'oreilles<\/h4><\/a><\/li><li><a class=\"tab-link\" data-toggle=\"tab\" id=\"fusion-tab-bracelets\" href=\"#tab-fc49fb5e36e9826caff\"><h4 class=\"fusion-tab-heading\">Bracelets<\/h4><\/a><\/li><\/ul><\/div><div class=\"tab-content\"><div class=\"nav fusion-mobile-tab-nav\"><ul class=\"nav-tabs nav-justified\"><li class=\"active\"><a class=\"tab-link\" data-toggle=\"tab\" id=\"mobile-fusion-tab-tous\" href=\"#tab-3888493cce6e76e24e4\"><h4 class=\"fusion-tab-heading\">Tous<\/h4><\/a><\/li><\/ul><\/div><div class=\"tab-pane fade fusion-clearfix in active\" id=\"tab-3888493cce6e76e24e4\">\n<div class=\"woocommerce columns-4 \"><\/div>\n<div class=\"woocommerce columns-4 \"><\/div>\n<div class=\"woocommerce columns-4 \"><\/div>\n<div class=\"woocommerce columns-4 \"><\/div>\n<div class=\"woocommerce columns-4 \"><\/div>\n<div class=\"woocommerce columns-4 \"><\/div>\n<div class=\"woocommerce columns-4 \"><\/div>\n<div class=\"woocommerce columns-4 \"><\/div>\n<\/div><div class=\"nav fusion-mobile-tab-nav\"><ul class=\"nav-tabs nav-justified\"><li><a class=\"tab-link\" data-toggle=\"tab\" id=\"mobile-fusion-tab-anneaux\" href=\"#tab-7c0754a639572eb274f\"><h4 class=\"fusion-tab-heading\">Anneaux<\/h4><\/a><\/li><\/ul><\/div><div class=\"tab-pane fade fusion-clearfix\" id=\"tab-7c0754a639572eb274f\">\n<div class=\"woocommerce columns-4 \"><\/div>\n<\/div><div class=\"nav fusion-mobile-tab-nav\"><ul class=\"nav-tabs nav-justified\"><li><a class=\"tab-link\" data-toggle=\"tab\" id=\"mobile-fusion-tab-colliers\" href=\"#tab-1be192d9df80d484c82\"><h4 class=\"fusion-tab-heading\">Colliers<\/h4><\/a><\/li><\/ul><\/div><div class=\"tab-pane fade fusion-clearfix\" id=\"tab-1be192d9df80d484c82\">\n<div class=\"woocommerce columns-4 \"><\/div>\n<div class=\"woocommerce columns-4 \"><\/div>\n<div class=\"woocommerce columns-4 \"><\/div>\n<div class=\"woocommerce columns-4 \"><\/div>\n<\/div><div class=\"nav fusion-mobile-tab-nav\"><ul class=\"nav-tabs nav-justified\"><li><a class=\"tab-link\" data-toggle=\"tab\" id=\"mobile-fusion-tab-bouclesd&#039;oreilles\" href=\"#tab-2e7cefc065006ddb03f\"><h4 class=\"fusion-tab-heading\">Boucles d'oreilles<\/h4><\/a><\/li><\/ul><\/div><div class=\"tab-pane fade fusion-clearfix\" id=\"tab-2e7cefc065006ddb03f\">\n<div class=\"woocommerce columns-4 \"><\/div>\n<div class=\"woocommerce columns-4 \"><\/div>\n<\/div><div class=\"nav fusion-mobile-tab-nav\"><ul class=\"nav-tabs nav-justified\"><li><a class=\"tab-link\" data-toggle=\"tab\" id=\"mobile-fusion-tab-bracelets\" href=\"#tab-fc49fb5e36e9826caff\"><h4 class=\"fusion-tab-heading\">Bracelets<\/h4><\/a><\/li><\/ul><\/div><div class=\"tab-pane fade fusion-clearfix\" id=\"tab-fc49fb5e36e9826caff\">\n<div class=\"woocommerce columns-4 \"><\/div>\n<\/div><\/div><\/div><div class=\"fusion-clearfix\"><\/div><\/div><\/div><\/div><\/div><style type=\"text\/css\">.fusion-fullwidth.fusion-builder-row-2 a:not(.fusion-button):not(.fusion-builder-module-control):not(.fusion-social-network-icon):not(.fb-icon-element):not(.fusion-countdown-link):not(.fusion-rollover-link):not(.fusion-rollover-gallery):not(.fusion-button-bar):not(.add_to_cart_button):not(.show_details_button):not(.product_type_external):not(.fusion-quick-view):not(.fusion-rollover-title-link):not(.fusion-breadcrumb-link) , .fusion-fullwidth.fusion-builder-row-2 a:not(.fusion-button):not(.fusion-builder-module-control):not(.fusion-social-network-icon):not(.fb-icon-element):not(.fusion-countdown-link):not(.fusion-rollover-link):not(.fusion-rollover-gallery):not(.fusion-button-bar):not(.add_to_cart_button):not(.show_details_button):not(.product_type_external):not(.fusion-quick-view):not(.fusion-rollover-title-link):not(.fusion-breadcrumb-link):before, .fusion-fullwidth.fusion-builder-row-2 a:not(.fusion-button):not(.fusion-builder-module-control):not(.fusion-social-network-icon):not(.fb-icon-element):not(.fusion-countdown-link):not(.fusion-rollover-link):not(.fusion-rollover-gallery):not(.fusion-button-bar):not(.add_to_cart_button):not(.show_details_button):not(.product_type_external):not(.fusion-quick-view):not(.fusion-rollover-title-link):not(.fusion-breadcrumb-link):after {color: #5e5e5e;}.fusion-fullwidth.fusion-builder-row-2 a:not(.fusion-button):not(.fusion-builder-module-control):not(.fusion-social-network-icon):not(.fb-icon-element):not(.fusion-countdown-link):not(.fusion-rollover-link):not(.fusion-rollover-gallery):not(.fusion-button-bar):not(.add_to_cart_button):not(.show_details_button):not(.product_type_external):not(.fusion-quick-view):not(.fusion-rollover-title-link):not(.fusion-breadcrumb-link):hover, .fusion-fullwidth.fusion-builder-row-2 a:not(.fusion-button):not(.fusion-builder-module-control):not(.fusion-social-network-icon):not(.fb-icon-element):not(.fusion-countdown-link):not(.fusion-rollover-link):not(.fusion-rollover-gallery):not(.fusion-button-bar):not(.add_to_cart_button):not(.show_details_button):not(.product_type_external):not(.fusion-quick-view):not(.fusion-rollover-title-link):not(.fusion-breadcrumb-link):hover:before, .fusion-fullwidth.fusion-builder-row-2 a:not(.fusion-button):not(.fusion-builder-module-control):not(.fusion-social-network-icon):not(.fb-icon-element):not(.fusion-countdown-link):not(.fusion-rollover-link):not(.fusion-rollover-gallery):not(.fusion-button-bar):not(.add_to_cart_button):not(.show_details_button):not(.product_type_external):not(.fusion-quick-view):not(.fusion-rollover-title-link):not(.fusion-breadcrumb-link):hover:after {color: #362714;}.fusion-fullwidth.fusion-builder-row-2 .pagination a.inactive:hover, .fusion-fullwidth.fusion-builder-row-2 .fusion-filters .fusion-filter.fusion-active a {border-color: #362714;}.fusion-fullwidth.fusion-builder-row-2 .pagination .current {border-color: #362714; background-color: #362714;}.fusion-fullwidth.fusion-builder-row-2 .fusion-filters .fusion-filter.fusion-active a, .fusion-fullwidth.fusion-builder-row-2 .fusion-date-and-formats .fusion-format-box, .fusion-fullwidth.fusion-builder-row-2 .fusion-popover, .fusion-fullwidth.fusion-builder-row-2 .tooltip-shortcode {color: #362714;}#main .fusion-fullwidth.fusion-builder-row-2 .post .blog-shortcode-post-title a:hover {color: #362714;}<\/style><div class=\"fusion-fullwidth fullwidth-box fusion-builder-row-3 nonhundred-percent-fullwidth non-hundred-percent-height-scrolling fusion-no-medium-visibility fusion-no-large-visibility\"  style='background-color: rgba(255,255,255,0);background-position: center center;background-repeat: no-repeat;padding-top:0px;padding-right:30px;padding-bottom:0px;padding-left:30px;'><div class=\"fusion-builder-row fusion-row \"><div  class=\"fusion-layout-column fusion_builder_column fusion_builder_column_1_1 fusion-builder-column-2 fusion-one-full fusion-column-first fusion-column-last 1_1\"  style='margin-top:0px;margin-bottom:20px;'><div class=\"fusion-column-wrapper\" style=\"padding: 0px 0px 0px 0px;background-position:left top;background-repeat:no-repeat;-webkit-background-size:cover;-moz-background-size:cover;-o-background-size:cover;background-size:cover;\"   data-bg-url=\"\"><div class=\"fusion-tabs fusion-tabs-2 classic horizontal-tabs icon-position-left\"><style type=\"text\/css\">.fusion-tabs.fusion-tabs-2 .nav-tabs li a.tab-link{border-top-color:#ebeaea;background-color:#ebeaea;}.fusion-tabs.fusion-tabs-2 .nav-tabs{background-color:#ffffff;}.fusion-tabs.fusion-tabs-2 .nav-tabs li.active a.tab-link,.fusion-tabs.fusion-tabs-2 .nav-tabs li.active a.tab-link:hover,.fusion-tabs.fusion-tabs-2 .nav-tabs li.active a.tab-link:focus{border-right-color:#ffffff;}.fusion-tabs.fusion-tabs-2 .nav-tabs li.active a.tab-link,.fusion-tabs.fusion-tabs-2 .nav-tabs li.active a.tab-link:hover,.fusion-tabs.fusion-tabs-2 .nav-tabs li.active a.tab-link:focus{background-color:#ffffff;}.fusion-tabs.fusion-tabs-2 .nav-tabs li a:hover{background-color:#ffffff;border-top-color:#ffffff;}.fusion-tabs.fusion-tabs-2 .tab-pane{background-color:#ffffff;}.fusion-tabs.fusion-tabs-2 .nav,.fusion-tabs.fusion-tabs-2 .nav-tabs,.fusion-tabs.fusion-tabs-2 .tab-content .tab-pane{border-color:#ebeaea;}<\/style><div class=\"nav\"><ul class=\"nav-tabs nav-justified\"><li class=\"active\"><a class=\"tab-link\" data-toggle=\"tab\" id=\"fusion-tab-cliquezsurlacat\u00c9gorie\" href=\"#tab-c0dfa99249e0c798e6c\"><h4 class=\"fusion-tab-heading\">CLIQUEZ SUR LA CAT\u00c9GORIE<\/h4><\/a><\/li><li><a class=\"tab-link\" data-toggle=\"tab\" id=\"fusion-tab-tous\" href=\"#tab-c45cfab57b3fb49c844\"><h4 class=\"fusion-tab-heading\">Tous<\/h4><\/a><\/li><li><a class=\"tab-link\" data-toggle=\"tab\" id=\"fusion-tab-anneaux\" href=\"#tab-4cdbd123b02670052ca\"><h4 class=\"fusion-tab-heading\">Anneaux<\/h4><\/a><\/li><li><a class=\"tab-link\" data-toggle=\"tab\" id=\"fusion-tab-colliers\" href=\"#tab-a049e0800269d837d4c\"><h4 class=\"fusion-tab-heading\">Colliers<\/h4><\/a><\/li><li><a class=\"tab-link\" data-toggle=\"tab\" id=\"fusion-tab-bouclesd&#039;oreilles\" href=\"#tab-0adcebf4eb385588ebf\"><h4 class=\"fusion-tab-heading\">Boucles d'oreilles<\/h4><\/a><\/li><li><a class=\"tab-link\" data-toggle=\"tab\" id=\"fusion-tab-bracelets\" href=\"#tab-89e45253e675189fd43\"><h4 class=\"fusion-tab-heading\">Bracelets<\/h4><\/a><\/li><\/ul><\/div><div class=\"tab-content\"><div class=\"nav fusion-mobile-tab-nav\"><ul class=\"nav-tabs nav-justified\"><li class=\"active\"><a class=\"tab-link\" data-toggle=\"tab\" id=\"mobile-fusion-tab-cliquezsurlacat\u00c9gorie\" href=\"#tab-c0dfa99249e0c798e6c\"><h4 class=\"fusion-tab-heading\">CLIQUEZ SUR LA CAT\u00c9GORIE<\/h4><\/a><\/li><\/ul><\/div><div class=\"tab-pane fade fusion-clearfix in active\" id=\"tab-c0dfa99249e0c798e6c\">\n<p>Your Content Goes Here<\/p>\n<\/div><div class=\"nav fusion-mobile-tab-nav\"><ul class=\"nav-tabs nav-justified\"><li><a class=\"tab-link\" data-toggle=\"tab\" id=\"mobile-fusion-tab-tous\" href=\"#tab-c45cfab57b3fb49c844\"><h4 class=\"fusion-tab-heading\">Tous<\/h4><\/a><\/li><\/ul><\/div><div class=\"tab-pane fade fusion-clearfix\" id=\"tab-c45cfab57b3fb49c844\">\n<div class=\"woocommerce columns-4 \"><\/div>\n<div class=\"woocommerce columns-4 \"><\/div>\n<div class=\"woocommerce columns-4 \"><\/div>\n<div class=\"woocommerce columns-4 \"><\/div>\n<div class=\"woocommerce columns-4 \"><\/div>\n<div class=\"woocommerce columns-4 \"><\/div>\n<div class=\"woocommerce columns-4 \"><\/div>\n<div class=\"woocommerce columns-4 \"><\/div>\n<\/div><div class=\"nav fusion-mobile-tab-nav\"><ul class=\"nav-tabs nav-justified\"><li><a class=\"tab-link\" data-toggle=\"tab\" id=\"mobile-fusion-tab-anneaux\" href=\"#tab-4cdbd123b02670052ca\"><h4 class=\"fusion-tab-heading\">Anneaux<\/h4><\/a><\/li><\/ul><\/div><div class=\"tab-pane fade fusion-clearfix\" id=\"tab-4cdbd123b02670052ca\">\n<div class=\"woocommerce columns-4 \"><\/div>\n<\/div><div class=\"nav fusion-mobile-tab-nav\"><ul class=\"nav-tabs nav-justified\"><li><a class=\"tab-link\" data-toggle=\"tab\" id=\"mobile-fusion-tab-colliers\" href=\"#tab-a049e0800269d837d4c\"><h4 class=\"fusion-tab-heading\">Colliers<\/h4><\/a><\/li><\/ul><\/div><div class=\"tab-pane fade fusion-clearfix\" id=\"tab-a049e0800269d837d4c\">\n<div class=\"woocommerce columns-4 \"><\/div>\n<div class=\"woocommerce columns-4 \"><\/div>\n<div class=\"woocommerce columns-4 \"><\/div>\n<div class=\"woocommerce columns-4 \"><\/div>\n<\/div><div class=\"nav fusion-mobile-tab-nav\"><ul class=\"nav-tabs nav-justified\"><li><a class=\"tab-link\" data-toggle=\"tab\" id=\"mobile-fusion-tab-bouclesd&#039;oreilles\" href=\"#tab-0adcebf4eb385588ebf\"><h4 class=\"fusion-tab-heading\">Boucles d'oreilles<\/h4><\/a><\/li><\/ul><\/div><div class=\"tab-pane fade fusion-clearfix\" id=\"tab-0adcebf4eb385588ebf\">\n<div class=\"woocommerce columns-4 \"><\/div>\n<div class=\"woocommerce columns-4 \"><\/div>\n<\/div><div class=\"nav fusion-mobile-tab-nav\"><ul class=\"nav-tabs nav-justified\"><li><a class=\"tab-link\" data-toggle=\"tab\" id=\"mobile-fusion-tab-bracelets\" href=\"#tab-89e45253e675189fd43\"><h4 class=\"fusion-tab-heading\">Bracelets<\/h4><\/a><\/li><\/ul><\/div><div class=\"tab-pane fade fusion-clearfix\" id=\"tab-89e45253e675189fd43\">\n<div class=\"woocommerce columns-4 \"><\/div>\n<\/div><\/div><\/div><div class=\"fusion-clearfix\"><\/div><\/div><\/div><\/div><\/div><style type=\"text\/css\">.fusion-fullwidth.fusion-builder-row-3 a:not(.fusion-button):not(.fusion-builder-module-control):not(.fusion-social-network-icon):not(.fb-icon-element):not(.fusion-countdown-link):not(.fusion-rollover-link):not(.fusion-rollover-gallery):not(.fusion-button-bar):not(.add_to_cart_button):not(.show_details_button):not(.product_type_external):not(.fusion-quick-view):not(.fusion-rollover-title-link):not(.fusion-breadcrumb-link) , .fusion-fullwidth.fusion-builder-row-3 a:not(.fusion-button):not(.fusion-builder-module-control):not(.fusion-social-network-icon):not(.fb-icon-element):not(.fusion-countdown-link):not(.fusion-rollover-link):not(.fusion-rollover-gallery):not(.fusion-button-bar):not(.add_to_cart_button):not(.show_details_button):not(.product_type_external):not(.fusion-quick-view):not(.fusion-rollover-title-link):not(.fusion-breadcrumb-link):before, .fusion-fullwidth.fusion-builder-row-3 a:not(.fusion-button):not(.fusion-builder-module-control):not(.fusion-social-network-icon):not(.fb-icon-element):not(.fusion-countdown-link):not(.fusion-rollover-link):not(.fusion-rollover-gallery):not(.fusion-button-bar):not(.add_to_cart_button):not(.show_details_button):not(.product_type_external):not(.fusion-quick-view):not(.fusion-rollover-title-link):not(.fusion-breadcrumb-link):after {color: #5e5e5e;}.fusion-fullwidth.fusion-builder-row-3 a:not(.fusion-button):not(.fusion-builder-module-control):not(.fusion-social-network-icon):not(.fb-icon-element):not(.fusion-countdown-link):not(.fusion-rollover-link):not(.fusion-rollover-gallery):not(.fusion-button-bar):not(.add_to_cart_button):not(.show_details_button):not(.product_type_external):not(.fusion-quick-view):not(.fusion-rollover-title-link):not(.fusion-breadcrumb-link):hover, .fusion-fullwidth.fusion-builder-row-3 a:not(.fusion-button):not(.fusion-builder-module-control):not(.fusion-social-network-icon):not(.fb-icon-element):not(.fusion-countdown-link):not(.fusion-rollover-link):not(.fusion-rollover-gallery):not(.fusion-button-bar):not(.add_to_cart_button):not(.show_details_button):not(.product_type_external):not(.fusion-quick-view):not(.fusion-rollover-title-link):not(.fusion-breadcrumb-link):hover:before, .fusion-fullwidth.fusion-builder-row-3 a:not(.fusion-button):not(.fusion-builder-module-control):not(.fusion-social-network-icon):not(.fb-icon-element):not(.fusion-countdown-link):not(.fusion-rollover-link):not(.fusion-rollover-gallery):not(.fusion-button-bar):not(.add_to_cart_button):not(.show_details_button):not(.product_type_external):not(.fusion-quick-view):not(.fusion-rollover-title-link):not(.fusion-breadcrumb-link):hover:after {color: #362714;}.fusion-fullwidth.fusion-builder-row-3 .pagination a.inactive:hover, .fusion-fullwidth.fusion-builder-row-3 .fusion-filters .fusion-filter.fusion-active a {border-color: #362714;}.fusion-fullwidth.fusion-builder-row-3 .pagination .current {border-color: #362714; background-color: #362714;}.fusion-fullwidth.fusion-builder-row-3 .fusion-filters .fusion-filter.fusion-active a, .fusion-fullwidth.fusion-builder-row-3 .fusion-date-and-formats .fusion-format-box, .fusion-fullwidth.fusion-builder-row-3 .fusion-popover, .fusion-fullwidth.fusion-builder-row-3 .tooltip-shortcode {color: #362714;}#main .fusion-fullwidth.fusion-builder-row-3 .post .blog-shortcode-post-title a:hover {color: #362714;}<\/style><\/p>\n","protected":false},"excerpt":{"rendered":"","protected":false},"author":1204,"featured_media":0,"parent":12243,"menu_order":0,"comment_status":"closed","ping_status":"closed","template":"","meta":[],"yoast_head":"<!-- This site is optimized with the Yoast SEO plugin v16.3 - https:\/\/yoast.com\/wordpress\/plugins\/seo\/ -->\n<title>Collection Love - Pesavento Art Expressions - Gioielli made in Italy<\/title>\n<meta name=\"robots\" content=\"index, follow, max-snippet:-1, max-image-preview:large, max-video-preview:-1\" \/>\n<link rel=\"canonical\" href=\"https:\/\/www.pesavento.com\/fr\/collections-pesavento\/collection-love\/\" \/>\n<meta property=\"og:locale\" content=\"fr_FR\" \/>\n<meta property=\"og:type\" content=\"article\" \/>\n<meta property=\"og:title\" content=\"Collection Love - Pesavento Art Expressions - Gioielli made in Italy\" \/>\n<meta property=\"og:url\" content=\"https:\/\/www.pesavento.com\/fr\/collections-pesavento\/collection-love\/\" \/>\n<meta property=\"og:site_name\" content=\"Pesavento Art Expressions - Gioielli made in Italy\" \/>\n<meta property=\"article:modified_time\" content=\"2021-02-02T11:11:41+00:00\" \/>\n<meta name=\"twitter:card\" content=\"summary\" \/>\n<meta name=\"twitter:label1\" content=\"Dur\u00e9e de lecture est.\">\n\t<meta name=\"twitter:data1\" content=\"8 minutes\">\n<script type=\"application\/ld+json\" class=\"yoast-schema-graph\">{\"@context\":\"https:\/\/schema.org\",\"@graph\":[{\"@type\":\"Organization\",\"@id\":\"https:\/\/www.pesavento.com\/en\/#organization\",\"name\":\"Pesavento\",\"url\":\"https:\/\/www.pesavento.com\/en\/\",\"sameAs\":[],\"logo\":{\"@type\":\"ImageObject\",\"@id\":\"https:\/\/www.pesavento.com\/en\/#logo\",\"inLanguage\":\"fr-FR\",\"url\":\"https:\/\/www.pesavento.com\/web\/wp-content\/uploads\/2017\/11\/Logo_Pesavento_Gioielli.jpg\",\"contentUrl\":\"https:\/\/www.pesavento.com\/web\/wp-content\/uploads\/2017\/11\/Logo_Pesavento_Gioielli.jpg\",\"width\":320,\"height\":84,\"caption\":\"Pesavento\"},\"image\":{\"@id\":\"https:\/\/www.pesavento.com\/en\/#logo\"}},{\"@type\":\"WebSite\",\"@id\":\"https:\/\/www.pesavento.com\/en\/#website\",\"url\":\"https:\/\/www.pesavento.com\/en\/\",\"name\":\"Pesavento Art Expressions - Gioielli made in Italy\",\"description\":\"Gioielli Made in Italy\",\"publisher\":{\"@id\":\"https:\/\/www.pesavento.com\/en\/#organization\"},\"potentialAction\":[{\"@type\":\"SearchAction\",\"target\":\"https:\/\/www.pesavento.com\/en\/?s={search_term_string}\",\"query-input\":\"required name=search_term_string\"}],\"inLanguage\":\"fr-FR\"},{\"@type\":\"WebPage\",\"@id\":\"https:\/\/www.pesavento.com\/fr\/collections-pesavento\/collection-love\/#webpage\",\"url\":\"https:\/\/www.pesavento.com\/fr\/collections-pesavento\/collection-love\/\",\"name\":\"Collection Love - Pesavento Art Expressions - Gioielli made in Italy\",\"isPartOf\":{\"@id\":\"https:\/\/www.pesavento.com\/en\/#website\"},\"datePublished\":\"2020-01-27T10:20:37+00:00\",\"dateModified\":\"2021-02-02T11:11:41+00:00\",\"breadcrumb\":{\"@id\":\"https:\/\/www.pesavento.com\/fr\/collections-pesavento\/collection-love\/#breadcrumb\"},\"inLanguage\":\"fr-FR\",\"potentialAction\":[{\"@type\":\"ReadAction\",\"target\":[\"https:\/\/www.pesavento.com\/fr\/collections-pesavento\/collection-love\/\"]}]},{\"@type\":\"BreadcrumbList\",\"@id\":\"https:\/\/www.pesavento.com\/fr\/collections-pesavento\/collection-love\/#breadcrumb\",\"itemListElement\":[{\"@type\":\"ListItem\",\"position\":1,\"item\":{\"@type\":\"WebPage\",\"@id\":\"https:\/\/www.pesavento.com\/fr\/\",\"url\":\"https:\/\/www.pesavento.com\/fr\/\",\"name\":\"Home\"}},{\"@type\":\"ListItem\",\"position\":2,\"item\":{\"@type\":\"WebPage\",\"@id\":\"https:\/\/www.pesavento.com\/fr\/collections-pesavento\/\",\"url\":\"https:\/\/www.pesavento.com\/fr\/collections-pesavento\/\",\"name\":\"Collezioni\"}},{\"@type\":\"ListItem\",\"position\":3,\"item\":{\"@id\":\"https:\/\/www.pesavento.com\/fr\/collections-pesavento\/collection-love\/#webpage\"}}]}]}<\/script>\n<!-- \/ Yoast SEO plugin. -->","_links":{"self":[{"href":"https:\/\/www.pesavento.com\/fr\/wp-json\/wp\/v2\/pages\/60584\/"}],"collection":[{"href":"https:\/\/www.pesavento.com\/fr\/wp-json\/wp\/v2\/pages\/"}],"about":[{"href":"https:\/\/www.pesavento.com\/fr\/wp-json\/wp\/v2\/types\/page\/"}],"author":[{"embeddable":true,"href":"https:\/\/www.pesavento.com\/fr\/wp-json\/wp\/v2\/users\/1204\/"}],"replies":[{"embeddable":true,"href":"https:\/\/www.pesavento.com\/fr\/wp-json\/wp\/v2\/comments\/?post=60584"}],"version-history":[{"count":11,"href":"https:\/\/www.pesavento.com\/fr\/wp-json\/wp\/v2\/pages\/60584\/revisions\/"}],"predecessor-version":[{"id":67439,"href":"https:\/\/www.pesavento.com\/fr\/wp-json\/wp\/v2\/pages\/60584\/revisions\/67439\/"}],"up":[{"embeddable":true,"href":"https:\/\/www.pesavento.com\/fr\/wp-json\/wp\/v2\/pages\/12243\/"}],"wp:attachment":[{"href":"https:\/\/www.pesavento.com\/fr\/wp-json\/wp\/v2\/media\/?parent=60584"}],"curies":[{"name":"wp","href":"https:\/\/api.w.org\/{rel}","templated":true}]}}