{"id":71786,"date":"2022-03-08T00:35:36","date_gmt":"2022-03-07T23:35:36","guid":{"rendered":"https:\/\/www.pesavento.com\/?page_id=71786"},"modified":"2023-02-10T09:37:45","modified_gmt":"2023-02-10T08:37:45","slug":"pesavento-gold-collections","status":"publish","type":"page","link":"https:\/\/www.pesavento.com\/fr\/collections-pesavento\/pesavento-gold-collections\/","title":{"rendered":"Collections Or de Pesavento"},"content":{"rendered":"<div class=\"fusion-fullwidth fullwidth-box fusion-builder-row-1 nonhundred-percent-fullwidth non-hundred-percent-height-scrolling\"  style='background-color: rgba(255,255,255,0);background-position: left top;background-repeat: no-repeat;padding-top:20px;padding-right:15%;padding-bottom:20px;padding-left:15%;border-top-width:0px;border-bottom-width:0px;border-color:#eae9e9;border-top-style:solid;border-bottom-style:solid;'><div class=\"fusion-builder-row fusion-row \"><div  class=\"fusion-layout-column fusion_builder_column fusion_builder_column_1_1 fusion-builder-column-0 fusion-one-full fusion-column-first fusion-column-last fusion-column-no-min-height 1_1\"  style='margin-top:0px;margin-bottom:0px;'><div class=\"fusion-column-wrapper\" style=\"padding: 0px 0px 0px 0px;background-position:left top;background-repeat:no-repeat;-webkit-background-size:cover;-moz-background-size:cover;-o-background-size:cover;background-size:cover;\"   data-bg-url=\"\"><style type=\"text\/css\">@media only screen and (max-width:640px) {.fusion-title.fusion-title-1{margin-top:10px!important;margin-bottom:10px!important;}}<\/style><div class=\"fusion-title title fusion-title-1 fusion-sep-none fusion-title-center fusion-title-text fusion-title-size-one underlined-title-dark\" style=\"margin-top:0px;margin-bottom:1px;\"><h1 class=\"title-heading-center\" style=\"margin:0;\"><p style=\"text-align: center;\">Pesavento Gold Collections<\/p><\/h1><\/div><div class=\"fusion-text text-column\"><p style=\"text-align: center;\">L&rsquo;or rose et l&rsquo;or blanc 18 carats parlent le langage des \u00e9toiles, v\u00e9hiculant le style embl\u00e9matique de Pesavento dans quatre collections \u00e9l\u00e9gantes qui associent l&rsquo;art de l&rsquo;orf\u00e8vrerie au go\u00fbt et au design contemporain. La principale caract\u00e9ristique est le pavage de poudre de diamant scintillante, pour des objets qui sont des objets de d\u00e9sir et choisis non pour \u00eatre expos\u00e9s, mais pour le simple plaisir de les porter.<\/p>\n<\/div><div class=\"fusion-sep-clear\"><\/div><div class=\"fusion-separator fusion-full-width-sep sep-shadow\" style=\"background:radial-gradient(ellipse at 50% -50% , #e0dede 0px, rgba(255, 255, 255, 0) 80%) repeat scroll 0 0 rgba(0, 0, 0, 0);background:-webkit-radial-gradient(ellipse at 50% -50% , #e0dede 0px, rgba(255, 255, 255, 0) 80%) repeat scroll 0 0 rgba(0, 0, 0, 0);background:-moz-radial-gradient(ellipse at 50% -50% , #e0dede 0px, rgba(255, 255, 255, 0) 80%) repeat scroll 0 0 rgba(0, 0, 0, 0);background:-o-radial-gradient(ellipse at 50% -50% , #e0dede 0px, rgba(255, 255, 255, 0) 80%) repeat scroll 0 0 rgba(0, 0, 0, 0);margin-left: auto;margin-right: auto;margin-top:;margin-bottom:60px;\"><\/div><div class=\"fusion-clearfix\"><\/div><\/div><\/div><div  class=\"fusion-layout-column fusion_builder_column fusion_builder_column_1_2 fusion-builder-column-1 fusion-one-half fusion-column-first 1_2\"  style='margin-top:0px;margin-bottom:20px;width:50%;width:calc(50% - ( ( 4% ) * 0.5 ) );margin-right: 4%;'><div class=\"fusion-column-wrapper\" style=\"padding: 0px 0px 0px 0px;background-position:left top;background-repeat:no-repeat;-webkit-background-size:cover;-moz-background-size:cover;-o-background-size:cover;background-size:cover;\"   data-bg-url=\"\"><div class=\"imageframe-align-center\"><span style=\"width:100%;max-width:400px;\" class=\"fusion-imageframe imageframe-none imageframe-1 hover-type-none\"><a class=\"fusion-no-lightbox\" href=\"https:\/\/www.pesavento.com\/fr\/collections-pesavento\/dream-18k\" target=\"_self\" aria-label=\"gold-collection-01-gennaio23-fra\"><img loading=\"lazy\" src=\"https:\/\/www.pesavento.com\/web\/wp-content\/uploads\/2023\/02\/gold-collection-01-gennaio23-fra.jpg\" width=\"1000\" height=\"1000\" alt=\"\" class=\"img-responsive wp-image-91060\" srcset=\"https:\/\/www.pesavento.com\/web\/wp-content\/uploads\/2023\/02\/gold-collection-01-gennaio23-fra-200x200.jpg 200w, https:\/\/www.pesavento.com\/web\/wp-content\/uploads\/2023\/02\/gold-collection-01-gennaio23-fra-400x400.jpg 400w, https:\/\/www.pesavento.com\/web\/wp-content\/uploads\/2023\/02\/gold-collection-01-gennaio23-fra-600x600.jpg 600w, https:\/\/www.pesavento.com\/web\/wp-content\/uploads\/2023\/02\/gold-collection-01-gennaio23-fra-800x800.jpg 800w, https:\/\/www.pesavento.com\/web\/wp-content\/uploads\/2023\/02\/gold-collection-01-gennaio23-fra.jpg 1000w\" sizes=\"(max-width: 640px) 100vw, 1000px\" \/><\/a><\/span><\/div><div class=\"fusion-clearfix\"><\/div><\/div><\/div><div  class=\"fusion-layout-column fusion_builder_column fusion_builder_column_1_2 fusion-builder-column-2 fusion-one-half fusion-column-last 1_2\"  style='margin-top:0px;margin-bottom:20px;width:50%;width:calc(50% - ( ( 4% ) * 0.5 ) );'><div class=\"fusion-column-wrapper\" style=\"padding: 0px 0px 0px 0px;background-position:left top;background-repeat:no-repeat;-webkit-background-size:cover;-moz-background-size:cover;-o-background-size:cover;background-size:cover;\"   data-bg-url=\"\"><div class=\"imageframe-align-center\"><span style=\"width:100%;max-width:400px;\" class=\"fusion-imageframe imageframe-none imageframe-2 hover-type-none\"><a class=\"fusion-no-lightbox\" href=\"https:\/\/www.pesavento.com\/fr\/collections-pesavento\/cocktail-18k\" target=\"_self\" aria-label=\"gold-collection-02-gennaio23-fra\"><img loading=\"lazy\" src=\"https:\/\/www.pesavento.com\/web\/wp-content\/uploads\/2023\/02\/gold-collection-02-gennaio23-fra.jpg\" width=\"1000\" height=\"1000\" alt=\"\" class=\"img-responsive wp-image-91069\" srcset=\"https:\/\/www.pesavento.com\/web\/wp-content\/uploads\/2023\/02\/gold-collection-02-gennaio23-fra-200x200.jpg 200w, https:\/\/www.pesavento.com\/web\/wp-content\/uploads\/2023\/02\/gold-collection-02-gennaio23-fra-400x400.jpg 400w, https:\/\/www.pesavento.com\/web\/wp-content\/uploads\/2023\/02\/gold-collection-02-gennaio23-fra-600x600.jpg 600w, https:\/\/www.pesavento.com\/web\/wp-content\/uploads\/2023\/02\/gold-collection-02-gennaio23-fra-800x800.jpg 800w, https:\/\/www.pesavento.com\/web\/wp-content\/uploads\/2023\/02\/gold-collection-02-gennaio23-fra.jpg 1000w\" sizes=\"(max-width: 640px) 100vw, 1000px\" \/><\/a><\/span><\/div><div class=\"fusion-clearfix\"><\/div><\/div><\/div><div  class=\"fusion-layout-column fusion_builder_column fusion_builder_column_1_2 fusion-builder-column-3 fusion-one-half fusion-column-first 1_2\"  style='margin-top:0px;margin-bottom:20px;width:50%;width:calc(50% - ( ( 4% ) * 0.5 ) );margin-right: 4%;'><div class=\"fusion-column-wrapper\" style=\"padding: 0px 0px 0px 0px;background-position:left top;background-repeat:no-repeat;-webkit-background-size:cover;-moz-background-size:cover;-o-background-size:cover;background-size:cover;\"   data-bg-url=\"\"><div class=\"imageframe-align-center\"><span style=\"width:100%;max-width:400px;\" class=\"fusion-imageframe imageframe-none imageframe-3 hover-type-none\"><a class=\"fusion-no-lightbox\" href=\"https:\/\/www.pesavento.com\/fr\/collections-pesavento\/dna-spring-oro-18k\" target=\"_self\" aria-label=\"gold-collection-03-gennaio23-fra\"><img loading=\"lazy\" src=\"https:\/\/www.pesavento.com\/web\/wp-content\/uploads\/2023\/02\/gold-collection-03-gennaio23-fra.jpg\" width=\"1000\" height=\"1000\" alt=\"\" class=\"img-responsive wp-image-91078\" srcset=\"https:\/\/www.pesavento.com\/web\/wp-content\/uploads\/2023\/02\/gold-collection-03-gennaio23-fra-200x200.jpg 200w, https:\/\/www.pesavento.com\/web\/wp-content\/uploads\/2023\/02\/gold-collection-03-gennaio23-fra-400x400.jpg 400w, https:\/\/www.pesavento.com\/web\/wp-content\/uploads\/2023\/02\/gold-collection-03-gennaio23-fra-600x600.jpg 600w, https:\/\/www.pesavento.com\/web\/wp-content\/uploads\/2023\/02\/gold-collection-03-gennaio23-fra-800x800.jpg 800w, https:\/\/www.pesavento.com\/web\/wp-content\/uploads\/2023\/02\/gold-collection-03-gennaio23-fra.jpg 1000w\" sizes=\"(max-width: 640px) 100vw, 1000px\" \/><\/a><\/span><\/div><div class=\"fusion-clearfix\"><\/div><\/div><\/div><div  class=\"fusion-layout-column fusion_builder_column fusion_builder_column_1_2 fusion-builder-column-4 fusion-one-half fusion-column-last 1_2\"  style='margin-top:0px;margin-bottom:20px;width:50%;width:calc(50% - ( ( 4% ) * 0.5 ) );'><div class=\"fusion-column-wrapper\" style=\"padding: 0px 0px 0px 0px;background-position:left top;background-repeat:no-repeat;-webkit-background-size:cover;-moz-background-size:cover;-o-background-size:cover;background-size:cover;\"   data-bg-url=\"\"><div class=\"imageframe-align-center\"><span style=\"width:100%;max-width:400px;\" class=\"fusion-imageframe imageframe-none imageframe-4 hover-type-none\"><a class=\"fusion-no-lightbox\" href=\"https:\/\/www.pesavento.com\/fr\/collections-pesavento\/forever-chic-oro-18k\/\" target=\"_self\" aria-label=\"gold-collection-04-gennaio23-fra\"><img loading=\"lazy\" src=\"https:\/\/www.pesavento.com\/web\/wp-content\/uploads\/2023\/02\/gold-collection-04-gennaio23-fra.jpg\" width=\"1000\" height=\"1000\" alt=\"\" class=\"img-responsive wp-image-91087\" srcset=\"https:\/\/www.pesavento.com\/web\/wp-content\/uploads\/2023\/02\/gold-collection-04-gennaio23-fra-200x200.jpg 200w, https:\/\/www.pesavento.com\/web\/wp-content\/uploads\/2023\/02\/gold-collection-04-gennaio23-fra-400x400.jpg 400w, https:\/\/www.pesavento.com\/web\/wp-content\/uploads\/2023\/02\/gold-collection-04-gennaio23-fra-600x600.jpg 600w, https:\/\/www.pesavento.com\/web\/wp-content\/uploads\/2023\/02\/gold-collection-04-gennaio23-fra-800x800.jpg 800w, https:\/\/www.pesavento.com\/web\/wp-content\/uploads\/2023\/02\/gold-collection-04-gennaio23-fra.jpg 1000w\" sizes=\"(max-width: 640px) 100vw, 1000px\" \/><\/a><\/span><\/div><div class=\"fusion-clearfix\"><\/div><\/div><\/div><\/div><\/div><style type=\"text\/css\">.fusion-fullwidth.fusion-builder-row-1 a:not(.fusion-button):not(.fusion-builder-module-control):not(.fusion-social-network-icon):not(.fb-icon-element):not(.fusion-countdown-link):not(.fusion-rollover-link):not(.fusion-rollover-gallery):not(.fusion-button-bar):not(.add_to_cart_button):not(.show_details_button):not(.product_type_external):not(.fusion-quick-view):not(.fusion-rollover-title-link):not(.fusion-breadcrumb-link) , .fusion-fullwidth.fusion-builder-row-1 a:not(.fusion-button):not(.fusion-builder-module-control):not(.fusion-social-network-icon):not(.fb-icon-element):not(.fusion-countdown-link):not(.fusion-rollover-link):not(.fusion-rollover-gallery):not(.fusion-button-bar):not(.add_to_cart_button):not(.show_details_button):not(.product_type_external):not(.fusion-quick-view):not(.fusion-rollover-title-link):not(.fusion-breadcrumb-link):before, .fusion-fullwidth.fusion-builder-row-1 a:not(.fusion-button):not(.fusion-builder-module-control):not(.fusion-social-network-icon):not(.fb-icon-element):not(.fusion-countdown-link):not(.fusion-rollover-link):not(.fusion-rollover-gallery):not(.fusion-button-bar):not(.add_to_cart_button):not(.show_details_button):not(.product_type_external):not(.fusion-quick-view):not(.fusion-rollover-title-link):not(.fusion-breadcrumb-link):after {color: #5e5e5e;}.fusion-fullwidth.fusion-builder-row-1 a:not(.fusion-button):not(.fusion-builder-module-control):not(.fusion-social-network-icon):not(.fb-icon-element):not(.fusion-countdown-link):not(.fusion-rollover-link):not(.fusion-rollover-gallery):not(.fusion-button-bar):not(.add_to_cart_button):not(.show_details_button):not(.product_type_external):not(.fusion-quick-view):not(.fusion-rollover-title-link):not(.fusion-breadcrumb-link):hover, .fusion-fullwidth.fusion-builder-row-1 a:not(.fusion-button):not(.fusion-builder-module-control):not(.fusion-social-network-icon):not(.fb-icon-element):not(.fusion-countdown-link):not(.fusion-rollover-link):not(.fusion-rollover-gallery):not(.fusion-button-bar):not(.add_to_cart_button):not(.show_details_button):not(.product_type_external):not(.fusion-quick-view):not(.fusion-rollover-title-link):not(.fusion-breadcrumb-link):hover:before, .fusion-fullwidth.fusion-builder-row-1 a:not(.fusion-button):not(.fusion-builder-module-control):not(.fusion-social-network-icon):not(.fb-icon-element):not(.fusion-countdown-link):not(.fusion-rollover-link):not(.fusion-rollover-gallery):not(.fusion-button-bar):not(.add_to_cart_button):not(.show_details_button):not(.product_type_external):not(.fusion-quick-view):not(.fusion-rollover-title-link):not(.fusion-breadcrumb-link):hover:after {color: #362714;}.fusion-fullwidth.fusion-builder-row-1 .pagination a.inactive:hover, .fusion-fullwidth.fusion-builder-row-1 .fusion-filters .fusion-filter.fusion-active a {border-color: #362714;}.fusion-fullwidth.fusion-builder-row-1 .pagination .current {border-color: #362714; background-color: #362714;}.fusion-fullwidth.fusion-builder-row-1 .fusion-filters .fusion-filter.fusion-active a, .fusion-fullwidth.fusion-builder-row-1 .fusion-date-and-formats .fusion-format-box, .fusion-fullwidth.fusion-builder-row-1 .fusion-popover, .fusion-fullwidth.fusion-builder-row-1 .tooltip-shortcode {color: #362714;}#main .fusion-fullwidth.fusion-builder-row-1 .post .blog-shortcode-post-title a:hover {color: #362714;}<\/style>\n","protected":false},"excerpt":{"rendered":"","protected":false},"author":1207,"featured_media":0,"parent":12243,"menu_order":0,"comment_status":"closed","ping_status":"closed","template":"","meta":[],"yoast_head":"<!-- This site is optimized with the Yoast SEO plugin v16.3 - https:\/\/yoast.com\/wordpress\/plugins\/seo\/ -->\n<title>Collections Or de Pesavento - Pesavento Art Expressions - Gioielli made in Italy<\/title>\n<meta name=\"robots\" content=\"index, follow, max-snippet:-1, max-image-preview:large, max-video-preview:-1\" \/>\n<link rel=\"canonical\" href=\"https:\/\/www.pesavento.com\/fr\/collections-pesavento\/pesavento-gold-collections\/\" \/>\n<meta property=\"og:locale\" content=\"fr_FR\" \/>\n<meta property=\"og:type\" content=\"article\" \/>\n<meta property=\"og:title\" content=\"Collections Or de Pesavento - Pesavento Art Expressions - Gioielli made in Italy\" \/>\n<meta property=\"og:url\" content=\"https:\/\/www.pesavento.com\/fr\/collections-pesavento\/pesavento-gold-collections\/\" \/>\n<meta property=\"og:site_name\" content=\"Pesavento Art Expressions - Gioielli made in Italy\" \/>\n<meta property=\"article:modified_time\" content=\"2023-02-10T08:37:45+00:00\" \/>\n<meta name=\"twitter:card\" content=\"summary\" \/>\n<meta name=\"twitter:label1\" content=\"Dur\u00e9e de lecture est.\">\n\t<meta name=\"twitter:data1\" content=\"8 minutes\">\n<script type=\"application\/ld+json\" class=\"yoast-schema-graph\">{\"@context\":\"https:\/\/schema.org\",\"@graph\":[{\"@type\":\"Organization\",\"@id\":\"https:\/\/www.pesavento.com\/en\/#organization\",\"name\":\"Pesavento\",\"url\":\"https:\/\/www.pesavento.com\/en\/\",\"sameAs\":[],\"logo\":{\"@type\":\"ImageObject\",\"@id\":\"https:\/\/www.pesavento.com\/en\/#logo\",\"inLanguage\":\"fr-FR\",\"url\":\"https:\/\/www.pesavento.com\/web\/wp-content\/uploads\/2017\/11\/Logo_Pesavento_Gioielli.jpg\",\"contentUrl\":\"https:\/\/www.pesavento.com\/web\/wp-content\/uploads\/2017\/11\/Logo_Pesavento_Gioielli.jpg\",\"width\":320,\"height\":84,\"caption\":\"Pesavento\"},\"image\":{\"@id\":\"https:\/\/www.pesavento.com\/en\/#logo\"}},{\"@type\":\"WebSite\",\"@id\":\"https:\/\/www.pesavento.com\/en\/#website\",\"url\":\"https:\/\/www.pesavento.com\/en\/\",\"name\":\"Pesavento Art Expressions - Gioielli made in Italy\",\"description\":\"Gioielli Made in Italy\",\"publisher\":{\"@id\":\"https:\/\/www.pesavento.com\/en\/#organization\"},\"potentialAction\":[{\"@type\":\"SearchAction\",\"target\":\"https:\/\/www.pesavento.com\/en\/?s={search_term_string}\",\"query-input\":\"required name=search_term_string\"}],\"inLanguage\":\"fr-FR\"},{\"@type\":\"WebPage\",\"@id\":\"https:\/\/www.pesavento.com\/fr\/collections-pesavento\/pesavento-gold-collections\/#webpage\",\"url\":\"https:\/\/www.pesavento.com\/fr\/collections-pesavento\/pesavento-gold-collections\/\",\"name\":\"Collections Or de Pesavento - Pesavento Art Expressions - Gioielli made in Italy\",\"isPartOf\":{\"@id\":\"https:\/\/www.pesavento.com\/en\/#website\"},\"datePublished\":\"2022-03-07T23:35:36+00:00\",\"dateModified\":\"2023-02-10T08:37:45+00:00\",\"breadcrumb\":{\"@id\":\"https:\/\/www.pesavento.com\/fr\/collections-pesavento\/pesavento-gold-collections\/#breadcrumb\"},\"inLanguage\":\"fr-FR\",\"potentialAction\":[{\"@type\":\"ReadAction\",\"target\":[\"https:\/\/www.pesavento.com\/fr\/collections-pesavento\/pesavento-gold-collections\/\"]}]},{\"@type\":\"BreadcrumbList\",\"@id\":\"https:\/\/www.pesavento.com\/fr\/collections-pesavento\/pesavento-gold-collections\/#breadcrumb\",\"itemListElement\":[{\"@type\":\"ListItem\",\"position\":1,\"item\":{\"@type\":\"WebPage\",\"@id\":\"https:\/\/www.pesavento.com\/fr\/\",\"url\":\"https:\/\/www.pesavento.com\/fr\/\",\"name\":\"Home\"}},{\"@type\":\"ListItem\",\"position\":2,\"item\":{\"@type\":\"WebPage\",\"@id\":\"https:\/\/www.pesavento.com\/fr\/collections-pesavento\/\",\"url\":\"https:\/\/www.pesavento.com\/fr\/collections-pesavento\/\",\"name\":\"Collezioni\"}},{\"@type\":\"ListItem\",\"position\":3,\"item\":{\"@id\":\"https:\/\/www.pesavento.com\/fr\/collections-pesavento\/pesavento-gold-collections\/#webpage\"}}]}]}<\/script>\n<!-- \/ Yoast SEO plugin. -->","_links":{"self":[{"href":"https:\/\/www.pesavento.com\/fr\/wp-json\/wp\/v2\/pages\/71786\/"}],"collection":[{"href":"https:\/\/www.pesavento.com\/fr\/wp-json\/wp\/v2\/pages\/"}],"about":[{"href":"https:\/\/www.pesavento.com\/fr\/wp-json\/wp\/v2\/types\/page\/"}],"author":[{"embeddable":true,"href":"https:\/\/www.pesavento.com\/fr\/wp-json\/wp\/v2\/users\/1207\/"}],"replies":[{"embeddable":true,"href":"https:\/\/www.pesavento.com\/fr\/wp-json\/wp\/v2\/comments\/?post=71786"}],"version-history":[{"count":13,"href":"https:\/\/www.pesavento.com\/fr\/wp-json\/wp\/v2\/pages\/71786\/revisions\/"}],"predecessor-version":[{"id":91108,"href":"https:\/\/www.pesavento.com\/fr\/wp-json\/wp\/v2\/pages\/71786\/revisions\/91108\/"}],"up":[{"embeddable":true,"href":"https:\/\/www.pesavento.com\/fr\/wp-json\/wp\/v2\/pages\/12243\/"}],"wp:attachment":[{"href":"https:\/\/www.pesavento.com\/fr\/wp-json\/wp\/v2\/media\/?parent=71786"}],"curies":[{"name":"wp","href":"https:\/\/api.w.org\/{rel}","templated":true}]}}