{"id":78094,"date":"2022-05-25T15:28:01","date_gmt":"2022-05-25T13:28:01","guid":{"rendered":"https:\/\/www.pesavento.com\/?page_id=78094"},"modified":"2022-06-07T09:15:07","modified_gmt":"2022-06-07T07:15:07","slug":"summer-capsule","status":"publish","type":"page","link":"https:\/\/www.pesavento.com\/fr\/collections-pesavento\/summer-capsule\/","title":{"rendered":"Summer Capsule"},"content":{"rendered":"<p><div class=\"fusion-fullwidth fullwidth-box fusion-builder-row-1 nonhundred-percent-fullwidth non-hundred-percent-height-scrolling\"  style='background-color: rgba(255,255,255,0);background-position: left top;background-repeat: no-repeat;padding-top:20px;padding-right:15%;padding-bottom:20px;padding-left:15%;border-top-width:0px;border-bottom-width:0px;border-color:#eae9e9;border-top-style:solid;border-bottom-style:solid;'><div class=\"fusion-builder-row fusion-row \"><div  class=\"fusion-layout-column fusion_builder_column fusion_builder_column_1_1 fusion-builder-column-0 fusion-one-full fusion-column-first fusion-column-last fusion-column-no-min-height 1_1\"  style='margin-top:0px;margin-bottom:0px;'><div class=\"fusion-column-wrapper\" style=\"padding: 0px 0px 0px 0px;background-position:left top;background-repeat:no-repeat;-webkit-background-size:cover;-moz-background-size:cover;-o-background-size:cover;background-size:cover;\"   data-bg-url=\"\"><style type=\"text\/css\">@media only screen and (max-width:640px) {.fusion-title.fusion-title-1{margin-top:10px!important;margin-bottom:10px!important;}}<\/style><div class=\"fusion-title title fusion-title-1 fusion-sep-none fusion-title-center fusion-title-text fusion-title-size-one underlined-title-dark\" style=\"margin-top:0px;margin-bottom:1px;\"><h1 class=\"title-heading-center\" style=\"margin:0;\"><span style=\"color: #ff0000;\">IN<\/span> <span style=\"color: #ed7d31;\">RA<\/span><span style=\"color: #ffc000;\">IN<\/span><span style=\"color: #00b0f0;\">BO<\/span><span style=\"color: #7030a0;\">WS<\/span> &#8211; SUMMER CAPSULE<\/h1><\/div><div class=\"fusion-text text-column\"><p style=\"text-align: center;\">Combien de couleurs a l&rsquo;\u00e9t\u00e9 ? Toutes celles des nouveaux bracelets forment la collection Summer Capsule de Pesavento ! Un jeu hypnotique de cercles brille de reflets ultra-lumineux dans les tons marins ou, alternativement, scintille avec une touche de Polvere di Sogni dans les tons solaires. Rouge, orange, jaune, bleu, violet et blanc : six teintes diff\u00e9rentes aux couleurs magiques de l&rsquo;arc-en-ciel pour s&rsquo;associer et profiter d&rsquo;un \u00e9t\u00e9 tout \u00e0 fait tendance. De superbes bracelets \u00e0 porter du matin au soir, seuls ou dans un mix and match de couleurs et de finitions pour accompagner toutes vos tenues estivales.<\/p>\n<\/div><div class=\"fusion-sep-clear\"><\/div><div class=\"fusion-separator fusion-full-width-sep sep-shadow\" style=\"background:radial-gradient(ellipse at 50% -50% , #e0dede 0px, rgba(255, 255, 255, 0) 80%) repeat scroll 0 0 rgba(0, 0, 0, 0);background:-webkit-radial-gradient(ellipse at 50% -50% , #e0dede 0px, rgba(255, 255, 255, 0) 80%) repeat scroll 0 0 rgba(0, 0, 0, 0);background:-moz-radial-gradient(ellipse at 50% -50% , #e0dede 0px, rgba(255, 255, 255, 0) 80%) repeat scroll 0 0 rgba(0, 0, 0, 0);background:-o-radial-gradient(ellipse at 50% -50% , #e0dede 0px, rgba(255, 255, 255, 0) 80%) repeat scroll 0 0 rgba(0, 0, 0, 0);margin-left: auto;margin-right: auto;margin-top:;margin-bottom:30px;\"><\/div><div class=\"fusion-clearfix\"><\/div><\/div><\/div><div  class=\"fusion-layout-column fusion_builder_column fusion_builder_column_1_1 fusion-builder-column-1 fusion-one-full fusion-column-first fusion-column-last griglia-capsule 1_1\"  style='margin-top:0px;margin-bottom:20px;'><div class=\"fusion-column-wrapper\" style=\"padding: 0px 0px 0px 0px;background-position:left top;background-repeat:no-repeat;-webkit-background-size:cover;-moz-background-size:cover;-o-background-size:cover;background-size:cover;\"   data-bg-url=\"\"><span class=\"fusion-imageframe imageframe-none imageframe-1 hover-type-none\"><a class=\"fusion-no-lightbox\" href=\"https:\/\/www.pesavento.com\/fr\/produit\/bracelet-polvere-di-sogni-wplvb1567\/\" target=\"_self\" aria-label=\"WPLVB1567\"><img loading=\"lazy\" src=\"https:\/\/www.pesavento.com\/web\/wp-content\/uploads\/2022\/05\/WPLVB1567-1200x1200.jpg\" width=\"1200\" height=\"1200\" alt=\"\" class=\"img-responsive wp-image-78230\" srcset=\"https:\/\/www.pesavento.com\/web\/wp-content\/uploads\/2022\/05\/WPLVB1567-200x200.jpg 200w, https:\/\/www.pesavento.com\/web\/wp-content\/uploads\/2022\/05\/WPLVB1567-400x400.jpg 400w, https:\/\/www.pesavento.com\/web\/wp-content\/uploads\/2022\/05\/WPLVB1567-600x600.jpg 600w, https:\/\/www.pesavento.com\/web\/wp-content\/uploads\/2022\/05\/WPLVB1567-800x800.jpg 800w, https:\/\/www.pesavento.com\/web\/wp-content\/uploads\/2022\/05\/WPLVB1567-1200x1200.jpg 1200w\" sizes=\"(max-width: 640px) 100vw, 1200px\" \/><\/a><\/span><span class=\"fusion-imageframe imageframe-none imageframe-2 hover-type-none\"><a class=\"fusion-no-lightbox\" href=\"https:\/\/www.pesavento.com\/fr\/produit\/bracelet-polvere-di-sogni-wplvb1567\/\" target=\"_self\" aria-label=\"WPLVB1568\"><img loading=\"lazy\" src=\"https:\/\/www.pesavento.com\/web\/wp-content\/uploads\/2022\/05\/WPLVB1568-1200x1200.jpg\" width=\"1200\" height=\"1200\" alt=\"\" class=\"img-responsive wp-image-78215\" srcset=\"https:\/\/www.pesavento.com\/web\/wp-content\/uploads\/2022\/05\/WPLVB1568-200x200.jpg 200w, https:\/\/www.pesavento.com\/web\/wp-content\/uploads\/2022\/05\/WPLVB1568-400x400.jpg 400w, https:\/\/www.pesavento.com\/web\/wp-content\/uploads\/2022\/05\/WPLVB1568-600x600.jpg 600w, https:\/\/www.pesavento.com\/web\/wp-content\/uploads\/2022\/05\/WPLVB1568-800x800.jpg 800w, https:\/\/www.pesavento.com\/web\/wp-content\/uploads\/2022\/05\/WPLVB1568-1200x1200.jpg 1200w\" sizes=\"(max-width: 640px) 100vw, 1200px\" \/><\/a><\/span><span class=\"fusion-imageframe imageframe-none imageframe-3 hover-type-none\"><a class=\"fusion-no-lightbox\" href=\"https:\/\/www.pesavento.com\/fr\/produit\/bracelet-polvere-di-sogni-wplvb1567\/\" target=\"_self\" aria-label=\"WPLVB1569\"><img loading=\"lazy\" src=\"https:\/\/www.pesavento.com\/web\/wp-content\/uploads\/2022\/05\/WPLVB1569-1200x1200.jpg\" width=\"1200\" height=\"1200\" alt=\"\" class=\"img-responsive wp-image-78218\" srcset=\"https:\/\/www.pesavento.com\/web\/wp-content\/uploads\/2022\/05\/WPLVB1569-200x200.jpg 200w, https:\/\/www.pesavento.com\/web\/wp-content\/uploads\/2022\/05\/WPLVB1569-400x400.jpg 400w, https:\/\/www.pesavento.com\/web\/wp-content\/uploads\/2022\/05\/WPLVB1569-600x600.jpg 600w, https:\/\/www.pesavento.com\/web\/wp-content\/uploads\/2022\/05\/WPLVB1569-800x800.jpg 800w, https:\/\/www.pesavento.com\/web\/wp-content\/uploads\/2022\/05\/WPLVB1569-1200x1200.jpg 1200w\" sizes=\"(max-width: 640px) 100vw, 1200px\" \/><\/a><\/span><span class=\"fusion-imageframe imageframe-none imageframe-4 hover-type-none\"><a class=\"fusion-no-lightbox\" href=\"https:\/\/www.pesavento.com\/fr\/produit\/bracelet-polvere-di-sogni-wplvb1564\/\" target=\"_self\" aria-label=\"WPLVB1564\"><img loading=\"lazy\" src=\"https:\/\/www.pesavento.com\/web\/wp-content\/uploads\/2022\/05\/WPLVB1564-1200x1200.jpg\" width=\"1200\" height=\"1200\" alt=\"\" class=\"img-responsive wp-image-78221\" srcset=\"https:\/\/www.pesavento.com\/web\/wp-content\/uploads\/2022\/05\/WPLVB1564-200x200.jpg 200w, https:\/\/www.pesavento.com\/web\/wp-content\/uploads\/2022\/05\/WPLVB1564-400x400.jpg 400w, https:\/\/www.pesavento.com\/web\/wp-content\/uploads\/2022\/05\/WPLVB1564-600x600.jpg 600w, https:\/\/www.pesavento.com\/web\/wp-content\/uploads\/2022\/05\/WPLVB1564-800x800.jpg 800w, https:\/\/www.pesavento.com\/web\/wp-content\/uploads\/2022\/05\/WPLVB1564-1200x1200.jpg 1200w\" sizes=\"(max-width: 640px) 100vw, 1200px\" \/><\/a><\/span><span class=\"fusion-imageframe imageframe-none imageframe-5 hover-type-none\"><a class=\"fusion-no-lightbox\" href=\"https:\/\/www.pesavento.com\/fr\/produit\/bracelet-polvere-di-sogni-wplvb1564\/\" target=\"_self\" aria-label=\"WPLVB1565\"><img loading=\"lazy\" src=\"https:\/\/www.pesavento.com\/web\/wp-content\/uploads\/2022\/05\/WPLVB1565-1200x1200.jpg\" width=\"1200\" height=\"1200\" alt=\"\" class=\"img-responsive wp-image-78224\" srcset=\"https:\/\/www.pesavento.com\/web\/wp-content\/uploads\/2022\/05\/WPLVB1565-200x200.jpg 200w, https:\/\/www.pesavento.com\/web\/wp-content\/uploads\/2022\/05\/WPLVB1565-400x400.jpg 400w, https:\/\/www.pesavento.com\/web\/wp-content\/uploads\/2022\/05\/WPLVB1565-600x600.jpg 600w, https:\/\/www.pesavento.com\/web\/wp-content\/uploads\/2022\/05\/WPLVB1565-800x800.jpg 800w, https:\/\/www.pesavento.com\/web\/wp-content\/uploads\/2022\/05\/WPLVB1565-1200x1200.jpg 1200w\" sizes=\"(max-width: 640px) 100vw, 1200px\" \/><\/a><\/span><span class=\"fusion-imageframe imageframe-none imageframe-6 hover-type-none\"><a class=\"fusion-no-lightbox\" href=\"https:\/\/www.pesavento.com\/fr\/produit\/bracelet-polvere-di-sogni-wplvb1564\/\" target=\"_self\" aria-label=\"WPLVB1566\"><img loading=\"lazy\" src=\"https:\/\/www.pesavento.com\/web\/wp-content\/uploads\/2022\/05\/WPLVB1566-1200x1200.jpg\" width=\"1200\" height=\"1200\" alt=\"\" class=\"img-responsive wp-image-78227\" srcset=\"https:\/\/www.pesavento.com\/web\/wp-content\/uploads\/2022\/05\/WPLVB1566-200x200.jpg 200w, https:\/\/www.pesavento.com\/web\/wp-content\/uploads\/2022\/05\/WPLVB1566-400x400.jpg 400w, https:\/\/www.pesavento.com\/web\/wp-content\/uploads\/2022\/05\/WPLVB1566-600x600.jpg 600w, https:\/\/www.pesavento.com\/web\/wp-content\/uploads\/2022\/05\/WPLVB1566-800x800.jpg 800w, https:\/\/www.pesavento.com\/web\/wp-content\/uploads\/2022\/05\/WPLVB1566-1200x1200.jpg 1200w\" sizes=\"(max-width: 640px) 100vw, 1200px\" \/><\/a><\/span><div class=\"fusion-clearfix\"><\/div><\/div><\/div><\/div><\/div><div class=\"fusion-fullwidth fullwidth-box fusion-builder-row-2-2 nonhundred-percent-fullwidth non-hundred-percent-height-scrolling\"  style='background-color: rgba(255,255,255,0);background-position: center center;background-repeat: no-repeat;padding-top:0px;padding-right:10%;padding-bottom:80px;padding-left:10%;'><div class=\"fusion-builder-row fusion-row \"><div  class=\"fusion-layout-column fusion_builder_column fusion_builder_column_1_1 fusion-builder-column-2 fusion-one-full fusion-column-first fusion-column-last 1_1\"  style='margin-top:0px;margin-bottom:20px;'><div class=\"fusion-column-wrapper\" style=\"padding: 0px 0px 0px 0px;background-position:left top;background-repeat:no-repeat;-webkit-background-size:cover;-moz-background-size:cover;-o-background-size:cover;background-size:cover;\"   data-bg-url=\"\"><div class=\"fusion-video fusion-selfhosted-video\" style=\"max-width:100%;\"><div class=\"video-wrapper\"><video playsinline=\"true\" width=\"100%\" style=\"object-fit: cover;\" loop=\"true\" poster=\"https:\/\/www.pesavento.com\/web\/wp-content\/uploads\/2022\/05\/Pesavento-SummerCapsule.jpg\" preload=\"auto\" controls=\"1\"><source src=\"https:\/\/www.pesavento.com\/web\/wp-content\/uploads\/2022\/05\/PESAVENTO-SUMMER-CAPSULE.mp4\" type=\"video\/mp4\">Sorry, your browser doesn&#039;t support embedded videos.<\/video><\/div><\/div><div class=\"fusion-clearfix\"><\/div><\/div><\/div><\/div><\/div><style type=\"text\/css\">.fusion-fullwidth.fusion-builder-row-2-2 a:not(.fusion-button):not(.fusion-builder-module-control):not(.fusion-social-network-icon):not(.fb-icon-element):not(.fusion-countdown-link):not(.fusion-rollover-link):not(.fusion-rollover-gallery):not(.fusion-button-bar):not(.add_to_cart_button):not(.show_details_button):not(.product_type_external):not(.fusion-quick-view):not(.fusion-rollover-title-link):not(.fusion-breadcrumb-link) , .fusion-fullwidth.fusion-builder-row-2-2 a:not(.fusion-button):not(.fusion-builder-module-control):not(.fusion-social-network-icon):not(.fb-icon-element):not(.fusion-countdown-link):not(.fusion-rollover-link):not(.fusion-rollover-gallery):not(.fusion-button-bar):not(.add_to_cart_button):not(.show_details_button):not(.product_type_external):not(.fusion-quick-view):not(.fusion-rollover-title-link):not(.fusion-breadcrumb-link):before, .fusion-fullwidth.fusion-builder-row-2-2 a:not(.fusion-button):not(.fusion-builder-module-control):not(.fusion-social-network-icon):not(.fb-icon-element):not(.fusion-countdown-link):not(.fusion-rollover-link):not(.fusion-rollover-gallery):not(.fusion-button-bar):not(.add_to_cart_button):not(.show_details_button):not(.product_type_external):not(.fusion-quick-view):not(.fusion-rollover-title-link):not(.fusion-breadcrumb-link):after {color: #5e5e5e;}.fusion-fullwidth.fusion-builder-row-2-2 a:not(.fusion-button):not(.fusion-builder-module-control):not(.fusion-social-network-icon):not(.fb-icon-element):not(.fusion-countdown-link):not(.fusion-rollover-link):not(.fusion-rollover-gallery):not(.fusion-button-bar):not(.add_to_cart_button):not(.show_details_button):not(.product_type_external):not(.fusion-quick-view):not(.fusion-rollover-title-link):not(.fusion-breadcrumb-link):hover, .fusion-fullwidth.fusion-builder-row-2-2 a:not(.fusion-button):not(.fusion-builder-module-control):not(.fusion-social-network-icon):not(.fb-icon-element):not(.fusion-countdown-link):not(.fusion-rollover-link):not(.fusion-rollover-gallery):not(.fusion-button-bar):not(.add_to_cart_button):not(.show_details_button):not(.product_type_external):not(.fusion-quick-view):not(.fusion-rollover-title-link):not(.fusion-breadcrumb-link):hover:before, .fusion-fullwidth.fusion-builder-row-2-2 a:not(.fusion-button):not(.fusion-builder-module-control):not(.fusion-social-network-icon):not(.fb-icon-element):not(.fusion-countdown-link):not(.fusion-rollover-link):not(.fusion-rollover-gallery):not(.fusion-button-bar):not(.add_to_cart_button):not(.show_details_button):not(.product_type_external):not(.fusion-quick-view):not(.fusion-rollover-title-link):not(.fusion-breadcrumb-link):hover:after {color: #362714;}.fusion-fullwidth.fusion-builder-row-2-2 .pagination a.inactive:hover, .fusion-fullwidth.fusion-builder-row-2-2 .fusion-filters .fusion-filter.fusion-active a {border-color: #362714;}.fusion-fullwidth.fusion-builder-row-2-2 .pagination .current {border-color: #362714; background-color: #362714;}.fusion-fullwidth.fusion-builder-row-2-2 .fusion-filters .fusion-filter.fusion-active a, .fusion-fullwidth.fusion-builder-row-2-2 .fusion-date-and-formats .fusion-format-box, .fusion-fullwidth.fusion-builder-row-2-2 .fusion-popover, .fusion-fullwidth.fusion-builder-row-2-2 .tooltip-shortcode {color: #362714;}#main .fusion-fullwidth.fusion-builder-row-2-2 .post .blog-shortcode-post-title a:hover {color: #362714;}<\/style><\/p>\n","protected":false},"excerpt":{"rendered":"","protected":false},"author":1207,"featured_media":0,"parent":12243,"menu_order":0,"comment_status":"closed","ping_status":"closed","template":"","meta":[],"yoast_head":"<!-- This site is optimized with the Yoast SEO plugin v16.3 - https:\/\/yoast.com\/wordpress\/plugins\/seo\/ -->\n<title>Summer Capsule - Pesavento Art Expressions - Gioielli made in Italy<\/title>\n<meta name=\"robots\" content=\"index, follow, max-snippet:-1, max-image-preview:large, max-video-preview:-1\" \/>\n<link rel=\"canonical\" href=\"https:\/\/www.pesavento.com\/fr\/collections-pesavento\/summer-capsule\/\" \/>\n<meta property=\"og:locale\" content=\"fr_FR\" \/>\n<meta property=\"og:type\" content=\"article\" \/>\n<meta property=\"og:title\" content=\"Summer Capsule - Pesavento Art Expressions - Gioielli made in Italy\" \/>\n<meta property=\"og:url\" content=\"https:\/\/www.pesavento.com\/fr\/collections-pesavento\/summer-capsule\/\" \/>\n<meta property=\"og:site_name\" content=\"Pesavento Art Expressions - Gioielli made in Italy\" \/>\n<meta property=\"article:modified_time\" content=\"2022-06-07T07:15:07+00:00\" \/>\n<meta name=\"twitter:card\" content=\"summary\" \/>\n<meta name=\"twitter:label1\" content=\"Dur\u00e9e de lecture est.\">\n\t<meta name=\"twitter:data1\" content=\"11 minutes\">\n<script type=\"application\/ld+json\" class=\"yoast-schema-graph\">{\"@context\":\"https:\/\/schema.org\",\"@graph\":[{\"@type\":\"Organization\",\"@id\":\"https:\/\/www.pesavento.com\/en\/#organization\",\"name\":\"Pesavento\",\"url\":\"https:\/\/www.pesavento.com\/en\/\",\"sameAs\":[],\"logo\":{\"@type\":\"ImageObject\",\"@id\":\"https:\/\/www.pesavento.com\/en\/#logo\",\"inLanguage\":\"fr-FR\",\"url\":\"https:\/\/www.pesavento.com\/web\/wp-content\/uploads\/2017\/11\/Logo_Pesavento_Gioielli.jpg\",\"contentUrl\":\"https:\/\/www.pesavento.com\/web\/wp-content\/uploads\/2017\/11\/Logo_Pesavento_Gioielli.jpg\",\"width\":320,\"height\":84,\"caption\":\"Pesavento\"},\"image\":{\"@id\":\"https:\/\/www.pesavento.com\/en\/#logo\"}},{\"@type\":\"WebSite\",\"@id\":\"https:\/\/www.pesavento.com\/en\/#website\",\"url\":\"https:\/\/www.pesavento.com\/en\/\",\"name\":\"Pesavento Art Expressions - Gioielli made in Italy\",\"description\":\"Gioielli Made in Italy\",\"publisher\":{\"@id\":\"https:\/\/www.pesavento.com\/en\/#organization\"},\"potentialAction\":[{\"@type\":\"SearchAction\",\"target\":\"https:\/\/www.pesavento.com\/en\/?s={search_term_string}\",\"query-input\":\"required name=search_term_string\"}],\"inLanguage\":\"fr-FR\"},{\"@type\":\"WebPage\",\"@id\":\"https:\/\/www.pesavento.com\/fr\/collections-pesavento\/summer-capsule\/#webpage\",\"url\":\"https:\/\/www.pesavento.com\/fr\/collections-pesavento\/summer-capsule\/\",\"name\":\"Summer Capsule - Pesavento Art Expressions - Gioielli made in Italy\",\"isPartOf\":{\"@id\":\"https:\/\/www.pesavento.com\/en\/#website\"},\"datePublished\":\"2022-05-25T13:28:01+00:00\",\"dateModified\":\"2022-06-07T07:15:07+00:00\",\"breadcrumb\":{\"@id\":\"https:\/\/www.pesavento.com\/fr\/collections-pesavento\/summer-capsule\/#breadcrumb\"},\"inLanguage\":\"fr-FR\",\"potentialAction\":[{\"@type\":\"ReadAction\",\"target\":[\"https:\/\/www.pesavento.com\/fr\/collections-pesavento\/summer-capsule\/\"]}]},{\"@type\":\"BreadcrumbList\",\"@id\":\"https:\/\/www.pesavento.com\/fr\/collections-pesavento\/summer-capsule\/#breadcrumb\",\"itemListElement\":[{\"@type\":\"ListItem\",\"position\":1,\"item\":{\"@type\":\"WebPage\",\"@id\":\"https:\/\/www.pesavento.com\/fr\/\",\"url\":\"https:\/\/www.pesavento.com\/fr\/\",\"name\":\"Home\"}},{\"@type\":\"ListItem\",\"position\":2,\"item\":{\"@type\":\"WebPage\",\"@id\":\"https:\/\/www.pesavento.com\/fr\/collections-pesavento\/\",\"url\":\"https:\/\/www.pesavento.com\/fr\/collections-pesavento\/\",\"name\":\"Collezioni\"}},{\"@type\":\"ListItem\",\"position\":3,\"item\":{\"@id\":\"https:\/\/www.pesavento.com\/fr\/collections-pesavento\/summer-capsule\/#webpage\"}}]}]}<\/script>\n<!-- \/ Yoast SEO plugin. -->","_links":{"self":[{"href":"https:\/\/www.pesavento.com\/fr\/wp-json\/wp\/v2\/pages\/78094\/"}],"collection":[{"href":"https:\/\/www.pesavento.com\/fr\/wp-json\/wp\/v2\/pages\/"}],"about":[{"href":"https:\/\/www.pesavento.com\/fr\/wp-json\/wp\/v2\/types\/page\/"}],"author":[{"embeddable":true,"href":"https:\/\/www.pesavento.com\/fr\/wp-json\/wp\/v2\/users\/1207\/"}],"replies":[{"embeddable":true,"href":"https:\/\/www.pesavento.com\/fr\/wp-json\/wp\/v2\/comments\/?post=78094"}],"version-history":[{"count":9,"href":"https:\/\/www.pesavento.com\/fr\/wp-json\/wp\/v2\/pages\/78094\/revisions\/"}],"predecessor-version":[{"id":78397,"href":"https:\/\/www.pesavento.com\/fr\/wp-json\/wp\/v2\/pages\/78094\/revisions\/78397\/"}],"up":[{"embeddable":true,"href":"https:\/\/www.pesavento.com\/fr\/wp-json\/wp\/v2\/pages\/12243\/"}],"wp:attachment":[{"href":"https:\/\/www.pesavento.com\/fr\/wp-json\/wp\/v2\/media\/?parent=78094"}],"curies":[{"name":"wp","href":"https:\/\/api.w.org\/{rel}","templated":true}]}}